{"id":121,"date":"2025-03-03T19:34:24","date_gmt":"2025-03-03T18:34:24","guid":{"rendered":"https:\/\/przewodnikgranada.com\/?page_id=121"},"modified":"2025-03-03T19:38:37","modified_gmt":"2025-03-03T18:38:37","slug":"sobre-mi","status":"publish","type":"page","link":"https:\/\/przewodnikgranada.com\/pl\/sobre-mi\/","title":{"rendered":"o mnie"},"content":{"rendered":"<div data-elementor-type=\"wp-page\" data-elementor-id=\"121\" class=\"elementor elementor-121\" data-elementor-post-type=\"page\">\n\t\t\t\t\t\t<section class=\"elementor-section elementor-top-section elementor-element elementor-element-4b7e8d3a elementor-section-height-min-height elementor-section-boxed elementor-section-height-default elementor-section-items-middle\" data-id=\"4b7e8d3a\" data-element_type=\"section\" data-e-type=\"section\" data-settings=\"{&quot;background_background&quot;:&quot;classic&quot;}\">\n\t\t\t\t\t\t\t<div class=\"elementor-background-overlay\"><\/div>\n\t\t\t\t\t\t\t<div class=\"elementor-container elementor-column-gap-default\">\n\t\t\t\t\t<div class=\"elementor-column elementor-col-100 elementor-top-column elementor-element elementor-element-531aec56\" data-id=\"531aec56\" data-element_type=\"column\" data-e-type=\"column\">\n\t\t\t<div class=\"elementor-widget-wrap elementor-element-populated\">\n\t\t\t\t\t\t<div class=\"elementor-element elementor-element-6b63631d elementor-widget elementor-widget-heading\" data-id=\"6b63631d\" data-element_type=\"widget\" data-e-type=\"widget\" data-widget_type=\"heading.default\">\n\t\t\t\t<div class=\"elementor-widget-container\">\n\t\t\t\t\t<h1 class=\"elementor-heading-title elementor-size-default\">O MNIE<\/h1>\t\t\t\t<\/div>\n\t\t\t\t<\/div>\n\t\t\t\t\t<\/div>\n\t\t<\/div>\n\t\t\t\t\t<\/div>\n\t\t<\/section>\n\t\t\t\t<section class=\"elementor-section elementor-top-section elementor-element elementor-element-31f93a93 elementor-section-boxed elementor-section-height-default elementor-section-height-default\" data-id=\"31f93a93\" data-element_type=\"section\" data-e-type=\"section\">\n\t\t\t\t\t\t\t<div class=\"elementor-background-overlay\"><\/div>\n\t\t\t\t\t\t\t<div class=\"elementor-container elementor-column-gap-default\">\n\t\t\t\t\t<div class=\"elementor-column elementor-col-50 elementor-top-column elementor-element elementor-element-32be04f7\" data-id=\"32be04f7\" data-element_type=\"column\" data-e-type=\"column\">\n\t\t\t<div class=\"elementor-widget-wrap elementor-element-populated\">\n\t\t\t\t\t\t<div class=\"elementor-element elementor-element-416aadee elementor-widget elementor-widget-heading\" data-id=\"416aadee\" data-element_type=\"widget\" data-e-type=\"widget\" data-widget_type=\"heading.default\">\n\t\t\t\t<div class=\"elementor-widget-container\">\n\t\t\t\t\t<h2 class=\"elementor-heading-title elementor-size-default\">Odkryj Grenad\u0119 i Guadix, nowe zak\u0105tki Andaluzji!\n<\/h2>\t\t\t\t<\/div>\n\t\t\t\t<\/div>\n\t\t\t\t<div class=\"elementor-element elementor-element-4b76e48c elementor-widget elementor-widget-text-editor\" data-id=\"4b76e48c\" data-element_type=\"widget\" data-e-type=\"widget\" data-widget_type=\"text-editor.default\">\n\t\t\t\t<div class=\"elementor-widget-container\">\n\t\t\t\t\t\t\t\t\t<p><span style=\"font-weight: 400;\">Witam Ci\u0119 na mojej stronie. Nazywam si\u0119 Agnieszka Korobczak Sierra i pracuj\u0119 w bran\u017cy turystycznej od ponad 15 lat. Jestem licencjonowanym przewodnikiem po Granadzie, mie\u015bcie, w kt\u00f3rym zakocha\u0142am si\u0119 od pierwszego wejrzenia, gdy pierwszy raz postawi\u0142am tu stop\u0119 w 1998 roku.<\/span><span style=\"font-weight: 400;\"><br \/><\/span><span style=\"font-weight: 400;\">Praca grup oprowadzaj\u0105cych i towarzysz\u0105cych, jako \u017ce ja r\u00f3wnie\u017c t\u0119 prac\u0119 wykonuj\u0119, jest dla mnie niezwykle ekscytuj\u0105ca i daj\u0105ca satysfakcj\u0119. To nie tylko praca, ale prawdziwa przygoda, kt\u00f3ra pozwala mi \u0142\u0105czy\u0107 moj\u0105 mi\u0142o\u015b\u0107 do podr\u00f3\u017cy z mo\u017cliwo\u015bci\u0105 dzielenia si\u0119 ni\u0105 z innymi.<\/span><span style=\"font-weight: 400;\"><br \/><\/span><span style=\"font-weight: 400;\">Zawsze staram si\u0119 stworzy\u0107 emocjonuj\u0105c\u0105 atmosfer\u0119, w kt\u00f3rej podr\u00f3\u017cuj\u0105cy mog\u0105 naprawd\u0119 poczu\u0107 ducha miejsca, zanurzy\u0107 si\u0119 w lokalnej kulturze i zobaczy\u0107 \u015bwiat z nowej perspektywy.<\/span><span style=\"font-weight: 400;\"><br \/><\/span><span style=\"font-weight: 400;\">Wcze\u015bniej mieszka\u0142am w Polsce, gdzie oprowadza\u0142am turyst\u00f3w po moim rodzinnym Wroc\u0142awiu, a tak\u017ce podr\u00f3\u017cowa\u0142am po ca\u0142ej Polsce z hiszpa\u0144skimi podr\u00f3\u017cnikami.<\/span><span style=\"font-weight: 400;\"><br \/><\/span><span style=\"font-weight: 400;\">Od kilku lat mieszkam w pi\u0119knej Andaluzji. Najpierw mieszka\u0142am w mniej znanym regionie Guadix, a teraz mieszkam w stolicy regionu, Granadzie. Zapraszam Was do odkrycia tych dw\u00f3ch magicznych miast, gdy\u017c Guadix to r\u00f3wnie fascynuj\u0105cy i jeszcze nieodkryty zak\u0105tek Andaluzji, oddalony zaledwie 60 km od Granady.<\/span><\/p>\t\t\t\t\t\t\t\t<\/div>\n\t\t\t\t<\/div>\n\t\t\t\t\t<\/div>\n\t\t<\/div>\n\t\t\t\t<div class=\"elementor-column elementor-col-50 elementor-top-column elementor-element elementor-element-ea4b405\" data-id=\"ea4b405\" data-element_type=\"column\" data-e-type=\"column\">\n\t\t\t<div class=\"elementor-widget-wrap elementor-element-populated\">\n\t\t\t\t\t\t<div class=\"elementor-element elementor-element-4bb3a571 elementor-widget elementor-widget-image\" data-id=\"4bb3a571\" data-element_type=\"widget\" data-e-type=\"widget\" data-widget_type=\"image.default\">\n\t\t\t\t<div class=\"elementor-widget-container\">\n\t\t\t\t\t\t\t\t\t\t\t\t\t\t\t<img fetchpriority=\"high\" decoding=\"async\" width=\"771\" height=\"1024\" src=\"https:\/\/przewodnikgranada.com\/wp-content\/uploads\/2025\/03\/IMG_20250131_151252-771x1024.jpg\" class=\"attachment-large size-large wp-image-125\" alt=\"gu\u00eda turistica\" srcset=\"https:\/\/przewodnikgranada.com\/wp-content\/uploads\/2025\/03\/IMG_20250131_151252-771x1024.jpg 771w, https:\/\/przewodnikgranada.com\/wp-content\/uploads\/2025\/03\/IMG_20250131_151252-226x300.jpg 226w, https:\/\/przewodnikgranada.com\/wp-content\/uploads\/2025\/03\/IMG_20250131_151252-768x1020.jpg 768w, https:\/\/przewodnikgranada.com\/wp-content\/uploads\/2025\/03\/IMG_20250131_151252-1157x1536.jpg 1157w, https:\/\/przewodnikgranada.com\/wp-content\/uploads\/2025\/03\/IMG_20250131_151252-1542x2048.jpg 1542w, https:\/\/przewodnikgranada.com\/wp-content\/uploads\/2025\/03\/IMG_20250131_151252-scaled.jpg 1928w\" sizes=\"(max-width: 771px) 100vw, 771px\" \/>\t\t\t\t\t\t\t\t\t\t\t\t\t\t\t<\/div>\n\t\t\t\t<\/div>\n\t\t\t\t\t<\/div>\n\t\t<\/div>\n\t\t\t\t\t<\/div>\n\t\t<\/section>\n\t\t\t\t<\/div>","protected":false},"excerpt":{"rendered":"<p>SOBRE M\u00cd \u00a1Descubre Granada y Guadix, nuevos rincones de Andaluc\u00eda! Te doy la bienvenida a mi p\u00e1gina. Me llamo Agnieszka Korobczak Sierra y llevo m\u00e1s de 15 a\u00f1os trabajando en el sector del turismo. Soy gu\u00eda tur\u00edstica licenciada en Granada, una ciudad de la que me enamor\u00e9 a primera vista cuando puse un pie aqu\u00ed [&hellip;]<\/p>\n","protected":false},"author":12,"featured_media":0,"parent":0,"menu_order":0,"comment_status":"closed","ping_status":"closed","template":"","meta":{"footnotes":""},"class_list":["post-121","page","type-page","status-publish","hentry"],"yoast_head":"<!-- This site is optimized with the Yoast SEO plugin v27.4 - https:\/\/yoast.com\/product\/yoast-seo-wordpress\/ -->\n<title>Sobre mi - Descubre Andaluc\u00eda con Agnieszka<\/title>\n<meta name=\"robots\" content=\"index, follow, max-snippet:-1, max-image-preview:large, max-video-preview:-1\" \/>\n<link rel=\"canonical\" href=\"https:\/\/przewodnikgranada.com\/pl\/sobre-mi\/\" \/>\n<meta property=\"og:locale\" content=\"pl_PL\" \/>\n<meta property=\"og:type\" content=\"article\" \/>\n<meta property=\"og:title\" content=\"Sobre mi - Descubre Andaluc\u00eda con Agnieszka\" \/>\n<meta property=\"og:description\" content=\"SOBRE M\u00cd \u00a1Descubre Granada y Guadix, nuevos rincones de Andaluc\u00eda! Te doy la bienvenida a mi p\u00e1gina. Me llamo Agnieszka Korobczak Sierra y llevo m\u00e1s de 15 a\u00f1os trabajando en el sector del turismo. Soy gu\u00eda tur\u00edstica licenciada en Granada, una ciudad de la que me enamor\u00e9 a primera vista cuando puse un pie aqu\u00ed [&hellip;]\" \/>\n<meta property=\"og:url\" content=\"https:\/\/przewodnikgranada.com\/pl\/sobre-mi\/\" \/>\n<meta property=\"og:site_name\" content=\"Descubre Andaluc\u00eda con Agnieszka\" \/>\n<meta property=\"article:modified_time\" content=\"2025-03-03T18:38:37+00:00\" \/>\n<meta property=\"og:image\" content=\"https:\/\/przewodnikgranada.com\/wp-content\/uploads\/2025\/03\/IMG_20250131_151252-scaled.jpg\" \/>\n\t<meta property=\"og:image:width\" content=\"1928\" \/>\n\t<meta property=\"og:image:height\" content=\"2560\" \/>\n\t<meta property=\"og:image:type\" content=\"image\/jpeg\" \/>\n<meta name=\"twitter:card\" content=\"summary_large_image\" \/>\n<meta name=\"twitter:label1\" content=\"Szacowany czas czytania\" \/>\n\t<meta name=\"twitter:data1\" content=\"2 minuty\" \/>\n<script type=\"application\/ld+json\" class=\"yoast-schema-graph\">{\"@context\":\"https:\\\/\\\/schema.org\",\"@graph\":[{\"@type\":\"WebPage\",\"@id\":\"https:\\\/\\\/przewodnikgranada.com\\\/sobre-mi\\\/\",\"url\":\"https:\\\/\\\/przewodnikgranada.com\\\/sobre-mi\\\/\",\"name\":\"Sobre mi - Descubre Andaluc\u00eda con Agnieszka\",\"isPartOf\":{\"@id\":\"https:\\\/\\\/przewodnikgranada.com\\\/#website\"},\"primaryImageOfPage\":{\"@id\":\"https:\\\/\\\/przewodnikgranada.com\\\/sobre-mi\\\/#primaryimage\"},\"image\":{\"@id\":\"https:\\\/\\\/przewodnikgranada.com\\\/sobre-mi\\\/#primaryimage\"},\"thumbnailUrl\":\"https:\\\/\\\/przewodnikgranada.com\\\/wp-content\\\/uploads\\\/2025\\\/03\\\/IMG_20250131_151252-771x1024.jpg\",\"datePublished\":\"2025-03-03T18:34:24+00:00\",\"dateModified\":\"2025-03-03T18:38:37+00:00\",\"breadcrumb\":{\"@id\":\"https:\\\/\\\/przewodnikgranada.com\\\/sobre-mi\\\/#breadcrumb\"},\"inLanguage\":\"pl-PL\",\"potentialAction\":[{\"@type\":\"ReadAction\",\"target\":[\"https:\\\/\\\/przewodnikgranada.com\\\/sobre-mi\\\/\"]}]},{\"@type\":\"ImageObject\",\"inLanguage\":\"pl-PL\",\"@id\":\"https:\\\/\\\/przewodnikgranada.com\\\/sobre-mi\\\/#primaryimage\",\"url\":\"https:\\\/\\\/przewodnikgranada.com\\\/wp-content\\\/uploads\\\/2025\\\/03\\\/IMG_20250131_151252-771x1024.jpg\",\"contentUrl\":\"https:\\\/\\\/przewodnikgranada.com\\\/wp-content\\\/uploads\\\/2025\\\/03\\\/IMG_20250131_151252-771x1024.jpg\"},{\"@type\":\"BreadcrumbList\",\"@id\":\"https:\\\/\\\/przewodnikgranada.com\\\/sobre-mi\\\/#breadcrumb\",\"itemListElement\":[{\"@type\":\"ListItem\",\"position\":1,\"name\":\"Portada\",\"item\":\"https:\\\/\\\/przewodnikgranada.com\\\/\"},{\"@type\":\"ListItem\",\"position\":2,\"name\":\"Sobre mi\"}]},{\"@type\":\"WebSite\",\"@id\":\"https:\\\/\\\/przewodnikgranada.com\\\/#website\",\"url\":\"https:\\\/\\\/przewodnikgranada.com\\\/\",\"name\":\"Descubre Andaluc\u00eda con Agnieszka\",\"description\":\"\",\"potentialAction\":[{\"@type\":\"SearchAction\",\"target\":{\"@type\":\"EntryPoint\",\"urlTemplate\":\"https:\\\/\\\/przewodnikgranada.com\\\/?s={search_term_string}\"},\"query-input\":{\"@type\":\"PropertyValueSpecification\",\"valueRequired\":true,\"valueName\":\"search_term_string\"}}],\"inLanguage\":\"pl-PL\"}]}<\/script>\n<!-- \/ Yoast SEO plugin. -->","yoast_head_json":{"title":"Sobre mi - Descubre Andaluc\u00eda con Agnieszka","robots":{"index":"index","follow":"follow","max-snippet":"max-snippet:-1","max-image-preview":"max-image-preview:large","max-video-preview":"max-video-preview:-1"},"canonical":"https:\/\/przewodnikgranada.com\/pl\/sobre-mi\/","og_locale":"pl_PL","og_type":"article","og_title":"Sobre mi - Descubre Andaluc\u00eda con Agnieszka","og_description":"SOBRE M\u00cd \u00a1Descubre Granada y Guadix, nuevos rincones de Andaluc\u00eda! Te doy la bienvenida a mi p\u00e1gina. Me llamo Agnieszka Korobczak Sierra y llevo m\u00e1s de 15 a\u00f1os trabajando en el sector del turismo. Soy gu\u00eda tur\u00edstica licenciada en Granada, una ciudad de la que me enamor\u00e9 a primera vista cuando puse un pie aqu\u00ed [&hellip;]","og_url":"https:\/\/przewodnikgranada.com\/pl\/sobre-mi\/","og_site_name":"Descubre Andaluc\u00eda con Agnieszka","article_modified_time":"2025-03-03T18:38:37+00:00","og_image":[{"width":1928,"height":2560,"url":"https:\/\/przewodnikgranada.com\/wp-content\/uploads\/2025\/03\/IMG_20250131_151252-scaled.jpg","type":"image\/jpeg"}],"twitter_card":"summary_large_image","twitter_misc":{"Szacowany czas czytania":"2 minuty"},"schema":{"@context":"https:\/\/schema.org","@graph":[{"@type":"WebPage","@id":"https:\/\/przewodnikgranada.com\/sobre-mi\/","url":"https:\/\/przewodnikgranada.com\/sobre-mi\/","name":"Sobre mi - Descubre Andaluc\u00eda con Agnieszka","isPartOf":{"@id":"https:\/\/przewodnikgranada.com\/#website"},"primaryImageOfPage":{"@id":"https:\/\/przewodnikgranada.com\/sobre-mi\/#primaryimage"},"image":{"@id":"https:\/\/przewodnikgranada.com\/sobre-mi\/#primaryimage"},"thumbnailUrl":"https:\/\/przewodnikgranada.com\/wp-content\/uploads\/2025\/03\/IMG_20250131_151252-771x1024.jpg","datePublished":"2025-03-03T18:34:24+00:00","dateModified":"2025-03-03T18:38:37+00:00","breadcrumb":{"@id":"https:\/\/przewodnikgranada.com\/sobre-mi\/#breadcrumb"},"inLanguage":"pl-PL","potentialAction":[{"@type":"ReadAction","target":["https:\/\/przewodnikgranada.com\/sobre-mi\/"]}]},{"@type":"ImageObject","inLanguage":"pl-PL","@id":"https:\/\/przewodnikgranada.com\/sobre-mi\/#primaryimage","url":"https:\/\/przewodnikgranada.com\/wp-content\/uploads\/2025\/03\/IMG_20250131_151252-771x1024.jpg","contentUrl":"https:\/\/przewodnikgranada.com\/wp-content\/uploads\/2025\/03\/IMG_20250131_151252-771x1024.jpg"},{"@type":"BreadcrumbList","@id":"https:\/\/przewodnikgranada.com\/sobre-mi\/#breadcrumb","itemListElement":[{"@type":"ListItem","position":1,"name":"Portada","item":"https:\/\/przewodnikgranada.com\/"},{"@type":"ListItem","position":2,"name":"Sobre mi"}]},{"@type":"WebSite","@id":"https:\/\/przewodnikgranada.com\/#website","url":"https:\/\/przewodnikgranada.com\/","name":"Odkryj Andaluzj\u0119 z Agnieszk\u0105","description":"","potentialAction":[{"@type":"SearchAction","target":{"@type":"EntryPoint","urlTemplate":"https:\/\/przewodnikgranada.com\/?s={search_term_string}"},"query-input":{"@type":"PropertyValueSpecification","valueRequired":true,"valueName":"search_term_string"}}],"inLanguage":"pl-PL"}]}},"_links":{"self":[{"href":"https:\/\/przewodnikgranada.com\/pl\/wp-json\/wp\/v2\/pages\/121","targetHints":{"allow":["GET"]}}],"collection":[{"href":"https:\/\/przewodnikgranada.com\/pl\/wp-json\/wp\/v2\/pages"}],"about":[{"href":"https:\/\/przewodnikgranada.com\/pl\/wp-json\/wp\/v2\/types\/page"}],"author":[{"embeddable":true,"href":"https:\/\/przewodnikgranada.com\/pl\/wp-json\/wp\/v2\/users\/12"}],"replies":[{"embeddable":true,"href":"https:\/\/przewodnikgranada.com\/pl\/wp-json\/wp\/v2\/comments?post=121"}],"version-history":[{"count":7,"href":"https:\/\/przewodnikgranada.com\/pl\/wp-json\/wp\/v2\/pages\/121\/revisions"}],"predecessor-version":[{"id":132,"href":"https:\/\/przewodnikgranada.com\/pl\/wp-json\/wp\/v2\/pages\/121\/revisions\/132"}],"wp:attachment":[{"href":"https:\/\/przewodnikgranada.com\/pl\/wp-json\/wp\/v2\/media?parent=121"}],"curies":[{"name":"wp","href":"https:\/\/api.w.org\/{rel}","templated":true}]}}