{"id":18,"date":"2025-01-27T08:52:13","date_gmt":"2025-01-27T07:52:13","guid":{"rendered":"https:\/\/przewodnikgranada.com\/?page_id=18"},"modified":"2025-04-29T11:13:21","modified_gmt":"2025-04-29T09:13:21","slug":"cookies","status":"publish","type":"page","link":"https:\/\/przewodnikgranada.com\/pl\/cookies\/","title":{"rendered":"Polityka plik\u00f3w cookies"},"content":{"rendered":"<div data-elementor-type=\"wp-page\" data-elementor-id=\"18\" class=\"elementor elementor-18\" data-elementor-post-type=\"page\">\n\t\t\t\t<div class=\"elementor-element elementor-element-e4f1118 e-flex e-con-boxed e-con e-parent\" data-id=\"e4f1118\" data-element_type=\"container\" data-e-type=\"container\">\n\t\t\t\t\t<div class=\"e-con-inner\">\n\t\t\t\t<div class=\"elementor-element elementor-element-b05e05a elementor-widget elementor-widget-heading\" data-id=\"b05e05a\" data-element_type=\"widget\" data-e-type=\"widget\" data-widget_type=\"heading.default\">\n\t\t\t\t<div class=\"elementor-widget-container\">\n\t\t\t\t\t<h1 class=\"elementor-heading-title elementor-size-default\">Polityka plik\u00f3w cookies<\/h1>\t\t\t\t<\/div>\n\t\t\t\t<\/div>\n\t\t\t\t<div class=\"elementor-element elementor-element-d9aabc2 elementor-widget elementor-widget-text-editor\" data-id=\"d9aabc2\" data-element_type=\"widget\" data-e-type=\"widget\" data-widget_type=\"text-editor.default\">\n\t\t\t\t<div class=\"elementor-widget-container\">\n\t\t\t\t\t\t\t\t\t<p>Dost\u0119p do tej Witryny mo\u017ce obejmowa\u0107 korzystanie z plik\u00f3w cookie. Pliki cookie to niewielkie informacje, kt\u00f3re s\u0105 przechowywane w przegl\u0105darce, u\u017cywanym przez ka\u017cdego U\u017cytkownika, na r\u00f3\u017cnych urz\u0105dzeniach, kt\u00f3re mo\u017ce wykorzysta\u0107 do nawigacji, tak, \u017ce serwer zapami\u0119tuje pewne informacje, kt\u00f3re p\u00f3\u017aniej i tylko serwer, kt\u00f3ry j\u0105 wykorzysta\u0142, b\u0119dzie czyta\u0107. Pliki cookie u\u0142atwiaj\u0105 poruszanie si\u0119, sprawiaj\u0105, \u017ce bardziej wygodne i nie szkodz\u0105 urz\u0105dzenia nawigacyjnego.<\/p><p>Pliki cookie s\u0105 automatyczne procedury zbierania informacji na temat preferencji okre\u015blonych przez U\u017cytkownika podczas jego wizyty na Stronie internetowej, w celu rozpoznawania Go jako U\u017cytkownika i personalizacji jego do\u015bwiadczenia i korzystania z witryny, a tak\u017ce mog\u0105, na przyk\u0142ad, pom\u00f3c w wykrywaniu i usuwaniu b\u0142\u0119d\u00f3w.<\/p><p>Informacje zbierane za pomoc\u0105 plik\u00f3w cookie, mo\u017ce zawiera\u0107 dat\u0119 i czas wizyty na Stronie internetowej, przegl\u0105dane strony, czas, w ci\u0105gu kt\u00f3rego zosta\u0142y na stronie internetowej, a tak\u017ce stron internetowych, odwiedzanych bezpo\u015brednio przed i po nim. Jednak ani jeden plik cookie nie pozwala u\u017cytkownikowi si\u0119 z nim skontaktowa\u0107 pod numerem telefonu lub w jakikolwiek inny spos\u00f3b kontaktu osobistego. \u017badne pliki cookie nie mog\u0105 pobiera\u0107 informacje z dysku twardego U\u017cytkownika lub kradzie\u017c danych osobowych. Jedyny spos\u00f3b, aby dane osobowe u\u017cytkownika cz\u0119\u015bci\u0105 pliku cookie to aby u\u017cytkownik osobi\u015bcie przekaza\u0142 te informacje do serwera.<\/p><p>Pliki cookie, kt\u00f3re pozwalaj\u0105 na identyfikacj\u0119 osoby, uwa\u017cane za danymi osobowymi. W konsekwencji, do nich b\u0119dzie stosowana Polityka prywatno\u015bci, opisane powy\u017cej. W zwi\u0105zku z tym w celu ich wykorzystania, wymaga zgody U\u017cytkownika. To zgoda musi by\u0107 zg\u0142oszone na podstawie autentycznego wyboru proponowanych pozytywne i pozytywnym rozwi\u0105zaniem, do pierwotnego, usuni\u0119ciem i udokumentowane, potwierdzone leczenia.<\/p><p>Wy\u0142\u0105czenie, odchylenie i usuwanie plik\u00f3w cookie<br \/>U\u017cytkownik mo\u017ce wy\u0142\u0105czy\u0107, odrzuci\u0107 i usun\u0105\u0107 pliki cookie \u2014 ca\u0142kowicie lub cz\u0119\u015bciowo \u2014 zainstalowane na urz\u0105dzeniu za pomoc\u0105 ustawie\u0144 swojej przegl\u0105darki internetowej (w\u015br\u00f3d kt\u00f3rych, na przyk\u0142ad, google Chrome, Firefox, Safari, internet Explorer). W zwi\u0105zku z tym procedury odrzucania i usuwania plik\u00f3w cookie mog\u0105 si\u0119 r\u00f3\u017cni\u0107 od jednej przegl\u0105darki do drugiej. W konsekwencji, u\u017cytkownik musi post\u0119powa\u0107 zgodnie z instrukcjami podanymi przez internet-przegl\u0105darki, kt\u00f3ry u\u017cywa. W przypadku, gdy cz\u0119\u015bciowo lub ca\u0142kowicie odm\u00f3wi\u0107 korzystania z plik\u00f3w cookie, mo\u017cesz nadal korzysta\u0107 ze Strony, chocia\u017c korzystanie z niekt\u00f3rych jego funkcji mo\u017ce by\u0107 ograniczona.<\/p>\t\t\t\t\t\t\t\t<\/div>\n\t\t\t\t<\/div>\n\t\t\t\t\t<\/div>\n\t\t\t\t<\/div>\n\t\t\t\t<\/div>","protected":false},"excerpt":{"rendered":"<p>El acceso a este Sitio Web puede implicar la utilizaci\u00f3n de cookies. Las cookies son peque\u00f1as cantidades de informaci\u00f3n que se almacenan en el navegador utilizado por cada Usuario \u2014en los distintos dispositivos que pueda utilizar para navegar\u2014 para que el servidor recuerde cierta informaci\u00f3n que posteriormente y \u00fanicamente el servidor que la implement\u00f3 leer\u00e1. [&hellip;]<\/p>\n","protected":false},"author":2,"featured_media":0,"parent":0,"menu_order":0,"comment_status":"closed","ping_status":"open","template":"elementor_header_footer","meta":{"footnotes":""},"class_list":["post-18","page","type-page","status-publish","hentry"],"yoast_head":"<!-- This site is optimized with the Yoast SEO plugin v27.4 - https:\/\/yoast.com\/product\/yoast-seo-wordpress\/ -->\n<title>Pol\u00edtica de cookies - Descubre Andaluc\u00eda con Agnieszka<\/title>\n<meta name=\"robots\" content=\"noindex, follow\" \/>\n<meta property=\"og:locale\" content=\"pl_PL\" \/>\n<meta property=\"og:type\" content=\"article\" \/>\n<meta property=\"og:title\" content=\"Pol\u00edtica de cookies - Descubre Andaluc\u00eda con Agnieszka\" \/>\n<meta property=\"og:description\" content=\"El acceso a este Sitio Web puede implicar la utilizaci\u00f3n de cookies. Las cookies son peque\u00f1as cantidades de informaci\u00f3n que se almacenan en el navegador utilizado por cada Usuario \u2014en los distintos dispositivos que pueda utilizar para navegar\u2014 para que el servidor recuerde cierta informaci\u00f3n que posteriormente y \u00fanicamente el servidor que la implement\u00f3 leer\u00e1. [&hellip;]\" \/>\n<meta property=\"og:url\" content=\"https:\/\/przewodnikgranada.com\/pl\/cookies\/\" \/>\n<meta property=\"og:site_name\" content=\"Descubre Andaluc\u00eda con Agnieszka\" \/>\n<meta property=\"article:modified_time\" content=\"2025-04-29T09:13:21+00:00\" \/>\n<meta name=\"twitter:card\" content=\"summary_large_image\" \/>\n<meta name=\"twitter:label1\" content=\"Szacowany czas czytania\" \/>\n\t<meta name=\"twitter:data1\" content=\"2 minuty\" \/>\n<script type=\"application\/ld+json\" class=\"yoast-schema-graph\">{\"@context\":\"https:\\\/\\\/schema.org\",\"@graph\":[{\"@type\":\"WebPage\",\"@id\":\"https:\\\/\\\/przewodnikgranada.com\\\/cookies\\\/\",\"url\":\"https:\\\/\\\/przewodnikgranada.com\\\/cookies\\\/\",\"name\":\"Pol\u00edtica de cookies - Descubre Andaluc\u00eda con Agnieszka\",\"isPartOf\":{\"@id\":\"https:\\\/\\\/przewodnikgranada.com\\\/#website\"},\"datePublished\":\"2025-01-27T07:52:13+00:00\",\"dateModified\":\"2025-04-29T09:13:21+00:00\",\"breadcrumb\":{\"@id\":\"https:\\\/\\\/przewodnikgranada.com\\\/cookies\\\/#breadcrumb\"},\"inLanguage\":\"pl-PL\",\"potentialAction\":[{\"@type\":\"ReadAction\",\"target\":[\"https:\\\/\\\/przewodnikgranada.com\\\/cookies\\\/\"]}]},{\"@type\":\"BreadcrumbList\",\"@id\":\"https:\\\/\\\/przewodnikgranada.com\\\/cookies\\\/#breadcrumb\",\"itemListElement\":[{\"@type\":\"ListItem\",\"position\":1,\"name\":\"Portada\",\"item\":\"https:\\\/\\\/przewodnikgranada.com\\\/\"},{\"@type\":\"ListItem\",\"position\":2,\"name\":\"Pol\u00edtica de cookies\"}]},{\"@type\":\"WebSite\",\"@id\":\"https:\\\/\\\/przewodnikgranada.com\\\/#website\",\"url\":\"https:\\\/\\\/przewodnikgranada.com\\\/\",\"name\":\"Descubre Andaluc\u00eda con Agnieszka\",\"description\":\"\",\"potentialAction\":[{\"@type\":\"SearchAction\",\"target\":{\"@type\":\"EntryPoint\",\"urlTemplate\":\"https:\\\/\\\/przewodnikgranada.com\\\/?s={search_term_string}\"},\"query-input\":{\"@type\":\"PropertyValueSpecification\",\"valueRequired\":true,\"valueName\":\"search_term_string\"}}],\"inLanguage\":\"pl-PL\"}]}<\/script>\n<!-- \/ Yoast SEO plugin. -->","yoast_head_json":{"title":"Pol\u00edtica de cookies - Descubre Andaluc\u00eda con Agnieszka","robots":{"index":"noindex","follow":"follow"},"og_locale":"pl_PL","og_type":"article","og_title":"Pol\u00edtica de cookies - Descubre Andaluc\u00eda con Agnieszka","og_description":"El acceso a este Sitio Web puede implicar la utilizaci\u00f3n de cookies. Las cookies son peque\u00f1as cantidades de informaci\u00f3n que se almacenan en el navegador utilizado por cada Usuario \u2014en los distintos dispositivos que pueda utilizar para navegar\u2014 para que el servidor recuerde cierta informaci\u00f3n que posteriormente y \u00fanicamente el servidor que la implement\u00f3 leer\u00e1. [&hellip;]","og_url":"https:\/\/przewodnikgranada.com\/pl\/cookies\/","og_site_name":"Descubre Andaluc\u00eda con Agnieszka","article_modified_time":"2025-04-29T09:13:21+00:00","twitter_card":"summary_large_image","twitter_misc":{"Szacowany czas czytania":"2 minuty"},"schema":{"@context":"https:\/\/schema.org","@graph":[{"@type":"WebPage","@id":"https:\/\/przewodnikgranada.com\/cookies\/","url":"https:\/\/przewodnikgranada.com\/cookies\/","name":"Pol\u00edtica de cookies - Descubre Andaluc\u00eda con Agnieszka","isPartOf":{"@id":"https:\/\/przewodnikgranada.com\/#website"},"datePublished":"2025-01-27T07:52:13+00:00","dateModified":"2025-04-29T09:13:21+00:00","breadcrumb":{"@id":"https:\/\/przewodnikgranada.com\/cookies\/#breadcrumb"},"inLanguage":"pl-PL","potentialAction":[{"@type":"ReadAction","target":["https:\/\/przewodnikgranada.com\/cookies\/"]}]},{"@type":"BreadcrumbList","@id":"https:\/\/przewodnikgranada.com\/cookies\/#breadcrumb","itemListElement":[{"@type":"ListItem","position":1,"name":"Portada","item":"https:\/\/przewodnikgranada.com\/"},{"@type":"ListItem","position":2,"name":"Pol\u00edtica de cookies"}]},{"@type":"WebSite","@id":"https:\/\/przewodnikgranada.com\/#website","url":"https:\/\/przewodnikgranada.com\/","name":"Odkryj Andaluzj\u0119 z Agnieszk\u0105","description":"","potentialAction":[{"@type":"SearchAction","target":{"@type":"EntryPoint","urlTemplate":"https:\/\/przewodnikgranada.com\/?s={search_term_string}"},"query-input":{"@type":"PropertyValueSpecification","valueRequired":true,"valueName":"search_term_string"}}],"inLanguage":"pl-PL"}]}},"_links":{"self":[{"href":"https:\/\/przewodnikgranada.com\/pl\/wp-json\/wp\/v2\/pages\/18","targetHints":{"allow":["GET"]}}],"collection":[{"href":"https:\/\/przewodnikgranada.com\/pl\/wp-json\/wp\/v2\/pages"}],"about":[{"href":"https:\/\/przewodnikgranada.com\/pl\/wp-json\/wp\/v2\/types\/page"}],"author":[{"embeddable":true,"href":"https:\/\/przewodnikgranada.com\/pl\/wp-json\/wp\/v2\/users\/2"}],"replies":[{"embeddable":true,"href":"https:\/\/przewodnikgranada.com\/pl\/wp-json\/wp\/v2\/comments?post=18"}],"version-history":[{"count":8,"href":"https:\/\/przewodnikgranada.com\/pl\/wp-json\/wp\/v2\/pages\/18\/revisions"}],"predecessor-version":[{"id":259,"href":"https:\/\/przewodnikgranada.com\/pl\/wp-json\/wp\/v2\/pages\/18\/revisions\/259"}],"wp:attachment":[{"href":"https:\/\/przewodnikgranada.com\/pl\/wp-json\/wp\/v2\/media?parent=18"}],"curies":[{"name":"wp","href":"https:\/\/api.w.org\/{rel}","templated":true}]}}