{"id":121,"date":"2025-03-03T19:34:24","date_gmt":"2025-03-03T18:34:24","guid":{"rendered":"https:\/\/przewodnikgranada.com\/?page_id=121"},"modified":"2025-03-03T19:38:37","modified_gmt":"2025-03-03T18:38:37","slug":"sobre-mi","status":"publish","type":"page","link":"https:\/\/przewodnikgranada.com\/pt\/sobre-mi\/","title":{"rendered":"sobre mim"},"content":{"rendered":"<div data-elementor-type=\"wp-page\" data-elementor-id=\"121\" class=\"elementor elementor-121\" data-elementor-post-type=\"page\">\n\t\t\t\t\t\t<section class=\"elementor-section elementor-top-section elementor-element elementor-element-4b7e8d3a elementor-section-height-min-height elementor-section-boxed elementor-section-height-default elementor-section-items-middle\" data-id=\"4b7e8d3a\" data-element_type=\"section\" data-e-type=\"section\" data-settings=\"{&quot;background_background&quot;:&quot;classic&quot;}\">\n\t\t\t\t\t\t\t<div class=\"elementor-background-overlay\"><\/div>\n\t\t\t\t\t\t\t<div class=\"elementor-container elementor-column-gap-default\">\n\t\t\t\t\t<div class=\"elementor-column elementor-col-100 elementor-top-column elementor-element elementor-element-531aec56\" data-id=\"531aec56\" data-element_type=\"column\" data-e-type=\"column\">\n\t\t\t<div class=\"elementor-widget-wrap elementor-element-populated\">\n\t\t\t\t\t\t<div class=\"elementor-element elementor-element-6b63631d elementor-widget elementor-widget-heading\" data-id=\"6b63631d\" data-element_type=\"widget\" data-e-type=\"widget\" data-widget_type=\"heading.default\">\n\t\t\t\t<div class=\"elementor-widget-container\">\n\t\t\t\t\t<h1 class=\"elementor-heading-title elementor-size-default\">SOBRE MIM<\/h1>\t\t\t\t<\/div>\n\t\t\t\t<\/div>\n\t\t\t\t\t<\/div>\n\t\t<\/div>\n\t\t\t\t\t<\/div>\n\t\t<\/section>\n\t\t\t\t<section class=\"elementor-section elementor-top-section elementor-element elementor-element-31f93a93 elementor-section-boxed elementor-section-height-default elementor-section-height-default\" data-id=\"31f93a93\" data-element_type=\"section\" data-e-type=\"section\">\n\t\t\t\t\t\t\t<div class=\"elementor-background-overlay\"><\/div>\n\t\t\t\t\t\t\t<div class=\"elementor-container elementor-column-gap-default\">\n\t\t\t\t\t<div class=\"elementor-column elementor-col-50 elementor-top-column elementor-element elementor-element-32be04f7\" data-id=\"32be04f7\" data-element_type=\"column\" data-e-type=\"column\">\n\t\t\t<div class=\"elementor-widget-wrap elementor-element-populated\">\n\t\t\t\t\t\t<div class=\"elementor-element elementor-element-416aadee elementor-widget elementor-widget-heading\" data-id=\"416aadee\" data-element_type=\"widget\" data-e-type=\"widget\" data-widget_type=\"heading.default\">\n\t\t\t\t<div class=\"elementor-widget-container\">\n\t\t\t\t\t<h2 class=\"elementor-heading-title elementor-size-default\">Descubra Granada e Guadix, novos recantos da Andaluzia!\n<\/h2>\t\t\t\t<\/div>\n\t\t\t\t<\/div>\n\t\t\t\t<div class=\"elementor-element elementor-element-4b76e48c elementor-widget elementor-widget-text-editor\" data-id=\"4b76e48c\" data-element_type=\"widget\" data-e-type=\"widget\" data-widget_type=\"text-editor.default\">\n\t\t\t\t<div class=\"elementor-widget-container\">\n\t\t\t\t\t\t\t\t\t<p><span style=\"font-weight: 400;\">Sejam bem-vindos \u00e0 minha p\u00e1gina. O meu nome \u00e9 Agnieszka Korobczak Sierra e trabalho no setor do turismo h\u00e1 mais de 15 anos. Sou guia tur\u00edstico licenciado em Granada, cidade pela qual me apaixonei \u00e0 primeira vista quando aqui pisei pela primeira vez em 1998.<\/span><span style=\"font-weight: 400;\"><br \/><\/span><span style=\"font-weight: 400;\">O trabalho de orienta\u00e7\u00e3o e acompanhamento de grupos, uma vez que tamb\u00e9m fa\u00e7o este trabalho, \u00e9 extremamente estimulante e gratificante para mim. N\u00e3o \u00e9 apenas um trabalho, mas uma verdadeira aventura que me permite aliar o meu amor pelas viagens \u00e0 possibilidade de as partilhar com outras pessoas.<\/span><span style=\"font-weight: 400;\"><br \/><\/span><span style=\"font-weight: 400;\">Procuro sempre criar uma atmosfera emocionante, onde os viajantes possam realmente sentir o esp\u00edrito do lugar, mergulhar na cultura local e ver o mundo de uma nova perspetiva.<\/span><span style=\"font-weight: 400;\"><br \/><\/span><span style=\"font-weight: 400;\">J\u00e1 vivi na Pol\u00f3nia, onde guiei turistas pela minha cidade natal, Wroc\u0142aw, e viajei por toda a Pol\u00f3nia com viajantes espanh\u00f3is.<\/span><span style=\"font-weight: 400;\"><br \/><\/span><span style=\"font-weight: 400;\">H\u00e1 alguns anos que vivo na bela Andaluzia. Vivi primeiro na regi\u00e3o menos conhecida de Guadix e agora vivo na capital da regi\u00e3o, Granada. Gostaria de o convidar a descobrir estas duas cidades m\u00e1gicas, uma vez que Guadix \u00e9 um recanto igualmente fascinante e ainda por descobrir da Andaluzia, a apenas 60 km de Granada.<\/span><\/p>\t\t\t\t\t\t\t\t<\/div>\n\t\t\t\t<\/div>\n\t\t\t\t\t<\/div>\n\t\t<\/div>\n\t\t\t\t<div class=\"elementor-column elementor-col-50 elementor-top-column elementor-element elementor-element-ea4b405\" data-id=\"ea4b405\" data-element_type=\"column\" data-e-type=\"column\">\n\t\t\t<div class=\"elementor-widget-wrap elementor-element-populated\">\n\t\t\t\t\t\t<div class=\"elementor-element elementor-element-4bb3a571 elementor-widget elementor-widget-image\" data-id=\"4bb3a571\" data-element_type=\"widget\" data-e-type=\"widget\" data-widget_type=\"image.default\">\n\t\t\t\t<div class=\"elementor-widget-container\">\n\t\t\t\t\t\t\t\t\t\t\t\t\t\t\t<img fetchpriority=\"high\" decoding=\"async\" width=\"771\" height=\"1024\" src=\"https:\/\/przewodnikgranada.com\/wp-content\/uploads\/2025\/03\/IMG_20250131_151252-771x1024.jpg\" class=\"attachment-large size-large wp-image-125\" alt=\"gu\u00eda turistica\" srcset=\"https:\/\/przewodnikgranada.com\/wp-content\/uploads\/2025\/03\/IMG_20250131_151252-771x1024.jpg 771w, https:\/\/przewodnikgranada.com\/wp-content\/uploads\/2025\/03\/IMG_20250131_151252-226x300.jpg 226w, https:\/\/przewodnikgranada.com\/wp-content\/uploads\/2025\/03\/IMG_20250131_151252-768x1020.jpg 768w, https:\/\/przewodnikgranada.com\/wp-content\/uploads\/2025\/03\/IMG_20250131_151252-1157x1536.jpg 1157w, https:\/\/przewodnikgranada.com\/wp-content\/uploads\/2025\/03\/IMG_20250131_151252-1542x2048.jpg 1542w, https:\/\/przewodnikgranada.com\/wp-content\/uploads\/2025\/03\/IMG_20250131_151252-scaled.jpg 1928w\" sizes=\"(max-width: 771px) 100vw, 771px\" \/>\t\t\t\t\t\t\t\t\t\t\t\t\t\t\t<\/div>\n\t\t\t\t<\/div>\n\t\t\t\t\t<\/div>\n\t\t<\/div>\n\t\t\t\t\t<\/div>\n\t\t<\/section>\n\t\t\t\t<\/div>","protected":false},"excerpt":{"rendered":"<p>SOBRE M\u00cd \u00a1Descubre Granada y Guadix, nuevos rincones de Andaluc\u00eda! Te doy la bienvenida a mi p\u00e1gina. Me llamo Agnieszka Korobczak Sierra y llevo m\u00e1s de 15 a\u00f1os trabajando en el sector del turismo. Soy gu\u00eda tur\u00edstica licenciada en Granada, una ciudad de la que me enamor\u00e9 a primera vista cuando puse un pie aqu\u00ed [&hellip;]<\/p>\n","protected":false},"author":12,"featured_media":0,"parent":0,"menu_order":0,"comment_status":"closed","ping_status":"closed","template":"","meta":{"footnotes":""},"class_list":["post-121","page","type-page","status-publish","hentry"],"yoast_head":"<!-- This site is optimized with the Yoast SEO plugin v27.4 - https:\/\/yoast.com\/product\/yoast-seo-wordpress\/ -->\n<title>Sobre mi - Descubre Andaluc\u00eda con Agnieszka<\/title>\n<meta name=\"robots\" content=\"index, follow, max-snippet:-1, max-image-preview:large, max-video-preview:-1\" \/>\n<link rel=\"canonical\" href=\"https:\/\/przewodnikgranada.com\/pt\/sobre-mi\/\" \/>\n<meta property=\"og:locale\" content=\"pt_PT\" \/>\n<meta property=\"og:type\" content=\"article\" \/>\n<meta property=\"og:title\" content=\"Sobre mi - Descubre Andaluc\u00eda con Agnieszka\" \/>\n<meta property=\"og:description\" content=\"SOBRE M\u00cd \u00a1Descubre Granada y Guadix, nuevos rincones de Andaluc\u00eda! Te doy la bienvenida a mi p\u00e1gina. Me llamo Agnieszka Korobczak Sierra y llevo m\u00e1s de 15 a\u00f1os trabajando en el sector del turismo. Soy gu\u00eda tur\u00edstica licenciada en Granada, una ciudad de la que me enamor\u00e9 a primera vista cuando puse un pie aqu\u00ed [&hellip;]\" \/>\n<meta property=\"og:url\" content=\"https:\/\/przewodnikgranada.com\/pt\/sobre-mi\/\" \/>\n<meta property=\"og:site_name\" content=\"Descubre Andaluc\u00eda con Agnieszka\" \/>\n<meta property=\"article:modified_time\" content=\"2025-03-03T18:38:37+00:00\" \/>\n<meta property=\"og:image\" content=\"https:\/\/przewodnikgranada.com\/wp-content\/uploads\/2025\/03\/IMG_20250131_151252-scaled.jpg\" \/>\n\t<meta property=\"og:image:width\" content=\"1928\" \/>\n\t<meta property=\"og:image:height\" content=\"2560\" \/>\n\t<meta property=\"og:image:type\" content=\"image\/jpeg\" \/>\n<meta name=\"twitter:card\" content=\"summary_large_image\" \/>\n<meta name=\"twitter:label1\" content=\"Tempo estimado de leitura\" \/>\n\t<meta name=\"twitter:data1\" content=\"2 minutos\" \/>\n<script type=\"application\/ld+json\" class=\"yoast-schema-graph\">{\"@context\":\"https:\\\/\\\/schema.org\",\"@graph\":[{\"@type\":\"WebPage\",\"@id\":\"https:\\\/\\\/przewodnikgranada.com\\\/sobre-mi\\\/\",\"url\":\"https:\\\/\\\/przewodnikgranada.com\\\/sobre-mi\\\/\",\"name\":\"Sobre mi - Descubre Andaluc\u00eda con Agnieszka\",\"isPartOf\":{\"@id\":\"https:\\\/\\\/przewodnikgranada.com\\\/#website\"},\"primaryImageOfPage\":{\"@id\":\"https:\\\/\\\/przewodnikgranada.com\\\/sobre-mi\\\/#primaryimage\"},\"image\":{\"@id\":\"https:\\\/\\\/przewodnikgranada.com\\\/sobre-mi\\\/#primaryimage\"},\"thumbnailUrl\":\"https:\\\/\\\/przewodnikgranada.com\\\/wp-content\\\/uploads\\\/2025\\\/03\\\/IMG_20250131_151252-771x1024.jpg\",\"datePublished\":\"2025-03-03T18:34:24+00:00\",\"dateModified\":\"2025-03-03T18:38:37+00:00\",\"breadcrumb\":{\"@id\":\"https:\\\/\\\/przewodnikgranada.com\\\/sobre-mi\\\/#breadcrumb\"},\"inLanguage\":\"pt-PT\",\"potentialAction\":[{\"@type\":\"ReadAction\",\"target\":[\"https:\\\/\\\/przewodnikgranada.com\\\/sobre-mi\\\/\"]}]},{\"@type\":\"ImageObject\",\"inLanguage\":\"pt-PT\",\"@id\":\"https:\\\/\\\/przewodnikgranada.com\\\/sobre-mi\\\/#primaryimage\",\"url\":\"https:\\\/\\\/przewodnikgranada.com\\\/wp-content\\\/uploads\\\/2025\\\/03\\\/IMG_20250131_151252-771x1024.jpg\",\"contentUrl\":\"https:\\\/\\\/przewodnikgranada.com\\\/wp-content\\\/uploads\\\/2025\\\/03\\\/IMG_20250131_151252-771x1024.jpg\"},{\"@type\":\"BreadcrumbList\",\"@id\":\"https:\\\/\\\/przewodnikgranada.com\\\/sobre-mi\\\/#breadcrumb\",\"itemListElement\":[{\"@type\":\"ListItem\",\"position\":1,\"name\":\"Portada\",\"item\":\"https:\\\/\\\/przewodnikgranada.com\\\/\"},{\"@type\":\"ListItem\",\"position\":2,\"name\":\"Sobre mi\"}]},{\"@type\":\"WebSite\",\"@id\":\"https:\\\/\\\/przewodnikgranada.com\\\/#website\",\"url\":\"https:\\\/\\\/przewodnikgranada.com\\\/\",\"name\":\"Descubre Andaluc\u00eda con Agnieszka\",\"description\":\"\",\"potentialAction\":[{\"@type\":\"SearchAction\",\"target\":{\"@type\":\"EntryPoint\",\"urlTemplate\":\"https:\\\/\\\/przewodnikgranada.com\\\/?s={search_term_string}\"},\"query-input\":{\"@type\":\"PropertyValueSpecification\",\"valueRequired\":true,\"valueName\":\"search_term_string\"}}],\"inLanguage\":\"pt-PT\"}]}<\/script>\n<!-- \/ Yoast SEO plugin. -->","yoast_head_json":{"title":"Sobre mi - Descubre Andaluc\u00eda con Agnieszka","robots":{"index":"index","follow":"follow","max-snippet":"max-snippet:-1","max-image-preview":"max-image-preview:large","max-video-preview":"max-video-preview:-1"},"canonical":"https:\/\/przewodnikgranada.com\/pt\/sobre-mi\/","og_locale":"pt_PT","og_type":"article","og_title":"Sobre mi - Descubre Andaluc\u00eda con Agnieszka","og_description":"SOBRE M\u00cd \u00a1Descubre Granada y Guadix, nuevos rincones de Andaluc\u00eda! Te doy la bienvenida a mi p\u00e1gina. Me llamo Agnieszka Korobczak Sierra y llevo m\u00e1s de 15 a\u00f1os trabajando en el sector del turismo. Soy gu\u00eda tur\u00edstica licenciada en Granada, una ciudad de la que me enamor\u00e9 a primera vista cuando puse un pie aqu\u00ed [&hellip;]","og_url":"https:\/\/przewodnikgranada.com\/pt\/sobre-mi\/","og_site_name":"Descubre Andaluc\u00eda con Agnieszka","article_modified_time":"2025-03-03T18:38:37+00:00","og_image":[{"width":1928,"height":2560,"url":"https:\/\/przewodnikgranada.com\/wp-content\/uploads\/2025\/03\/IMG_20250131_151252-scaled.jpg","type":"image\/jpeg"}],"twitter_card":"summary_large_image","twitter_misc":{"Tempo estimado de leitura":"2 minutos"},"schema":{"@context":"https:\/\/schema.org","@graph":[{"@type":"WebPage","@id":"https:\/\/przewodnikgranada.com\/sobre-mi\/","url":"https:\/\/przewodnikgranada.com\/sobre-mi\/","name":"Sobre mi - Descubre Andaluc\u00eda con Agnieszka","isPartOf":{"@id":"https:\/\/przewodnikgranada.com\/#website"},"primaryImageOfPage":{"@id":"https:\/\/przewodnikgranada.com\/sobre-mi\/#primaryimage"},"image":{"@id":"https:\/\/przewodnikgranada.com\/sobre-mi\/#primaryimage"},"thumbnailUrl":"https:\/\/przewodnikgranada.com\/wp-content\/uploads\/2025\/03\/IMG_20250131_151252-771x1024.jpg","datePublished":"2025-03-03T18:34:24+00:00","dateModified":"2025-03-03T18:38:37+00:00","breadcrumb":{"@id":"https:\/\/przewodnikgranada.com\/sobre-mi\/#breadcrumb"},"inLanguage":"pt-PT","potentialAction":[{"@type":"ReadAction","target":["https:\/\/przewodnikgranada.com\/sobre-mi\/"]}]},{"@type":"ImageObject","inLanguage":"pt-PT","@id":"https:\/\/przewodnikgranada.com\/sobre-mi\/#primaryimage","url":"https:\/\/przewodnikgranada.com\/wp-content\/uploads\/2025\/03\/IMG_20250131_151252-771x1024.jpg","contentUrl":"https:\/\/przewodnikgranada.com\/wp-content\/uploads\/2025\/03\/IMG_20250131_151252-771x1024.jpg"},{"@type":"BreadcrumbList","@id":"https:\/\/przewodnikgranada.com\/sobre-mi\/#breadcrumb","itemListElement":[{"@type":"ListItem","position":1,"name":"Portada","item":"https:\/\/przewodnikgranada.com\/"},{"@type":"ListItem","position":2,"name":"Sobre mi"}]},{"@type":"WebSite","@id":"https:\/\/przewodnikgranada.com\/#website","url":"https:\/\/przewodnikgranada.com\/","name":"Descubra a Andaluzia com Agnieszka","description":"","potentialAction":[{"@type":"SearchAction","target":{"@type":"EntryPoint","urlTemplate":"https:\/\/przewodnikgranada.com\/?s={search_term_string}"},"query-input":{"@type":"PropertyValueSpecification","valueRequired":true,"valueName":"search_term_string"}}],"inLanguage":"pt-PT"}]}},"_links":{"self":[{"href":"https:\/\/przewodnikgranada.com\/pt\/wp-json\/wp\/v2\/pages\/121","targetHints":{"allow":["GET"]}}],"collection":[{"href":"https:\/\/przewodnikgranada.com\/pt\/wp-json\/wp\/v2\/pages"}],"about":[{"href":"https:\/\/przewodnikgranada.com\/pt\/wp-json\/wp\/v2\/types\/page"}],"author":[{"embeddable":true,"href":"https:\/\/przewodnikgranada.com\/pt\/wp-json\/wp\/v2\/users\/12"}],"replies":[{"embeddable":true,"href":"https:\/\/przewodnikgranada.com\/pt\/wp-json\/wp\/v2\/comments?post=121"}],"version-history":[{"count":7,"href":"https:\/\/przewodnikgranada.com\/pt\/wp-json\/wp\/v2\/pages\/121\/revisions"}],"predecessor-version":[{"id":132,"href":"https:\/\/przewodnikgranada.com\/pt\/wp-json\/wp\/v2\/pages\/121\/revisions\/132"}],"wp:attachment":[{"href":"https:\/\/przewodnikgranada.com\/pt\/wp-json\/wp\/v2\/media?parent=121"}],"curies":[{"name":"wp","href":"https:\/\/api.w.org\/{rel}","templated":true}]}}