{"id":133,"date":"2025-03-03T19:58:54","date_gmt":"2025-03-03T18:58:54","guid":{"rendered":"https:\/\/przewodnikgranada.com\/?page_id=133"},"modified":"2025-03-05T22:30:43","modified_gmt":"2025-03-05T21:30:43","slug":"sitios-interesantes-para-ver","status":"publish","type":"page","link":"https:\/\/przewodnikgranada.com\/pt\/sitios-interesantes-para-ver\/","title":{"rendered":"Locais interessantes para ver"},"content":{"rendered":"<div data-elementor-type=\"wp-page\" data-elementor-id=\"133\" class=\"elementor elementor-133\" data-elementor-post-type=\"page\">\n\t\t\t\t\t\t<section class=\"elementor-section elementor-top-section elementor-element elementor-element-18bee685 elementor-section-height-min-height elementor-section-boxed elementor-section-height-default elementor-section-items-middle\" data-id=\"18bee685\" data-element_type=\"section\" data-e-type=\"section\" data-settings=\"{&quot;background_background&quot;:&quot;classic&quot;}\">\n\t\t\t\t\t\t\t<div class=\"elementor-background-overlay\"><\/div>\n\t\t\t\t\t\t\t<div class=\"elementor-container elementor-column-gap-default\">\n\t\t\t\t\t<div class=\"elementor-column elementor-col-100 elementor-top-column elementor-element elementor-element-58e885bc\" data-id=\"58e885bc\" data-element_type=\"column\" data-e-type=\"column\">\n\t\t\t<div class=\"elementor-widget-wrap elementor-element-populated\">\n\t\t\t\t\t\t<div class=\"elementor-element elementor-element-524b86dd elementor-widget elementor-widget-heading\" data-id=\"524b86dd\" data-element_type=\"widget\" data-e-type=\"widget\" data-widget_type=\"heading.default\">\n\t\t\t\t<div class=\"elementor-widget-container\">\n\t\t\t\t\t<h1 class=\"elementor-heading-title elementor-size-default\">Locais interessantes para ver<\/h1>\t\t\t\t<\/div>\n\t\t\t\t<\/div>\n\t\t\t\t\t<\/div>\n\t\t<\/div>\n\t\t\t\t\t<\/div>\n\t\t<\/section>\n\t\t\t\t<section class=\"elementor-section elementor-top-section elementor-element elementor-element-5098cb6b elementor-section-boxed elementor-section-height-default elementor-section-height-default\" data-id=\"5098cb6b\" data-element_type=\"section\" data-e-type=\"section\">\n\t\t\t\t\t\t\t<div class=\"elementor-background-overlay\"><\/div>\n\t\t\t\t\t\t\t<div class=\"elementor-container elementor-column-gap-default\">\n\t\t\t\t\t<div class=\"elementor-column elementor-col-100 elementor-top-column elementor-element elementor-element-368e357e\" data-id=\"368e357e\" data-element_type=\"column\" data-e-type=\"column\">\n\t\t\t<div class=\"elementor-widget-wrap elementor-element-populated\">\n\t\t\t\t\t\t<div class=\"elementor-element elementor-element-35106b80 elementor-widget elementor-widget-heading\" data-id=\"35106b80\" data-element_type=\"widget\" data-e-type=\"widget\" data-widget_type=\"heading.default\">\n\t\t\t\t<div class=\"elementor-widget-container\">\n\t\t\t\t\t<h3 class=\"elementor-heading-title elementor-size-default\">Hist\u00f3ria, cultura e paisagens inesquec\u00edveis esperam por si em cada recanto.<\/h3>\t\t\t\t<\/div>\n\t\t\t\t<\/div>\n\t\t\t\t<section class=\"elementor-section elementor-inner-section elementor-element elementor-element-3ed0296c elementor-section-boxed elementor-section-height-default elementor-section-height-default\" data-id=\"3ed0296c\" data-element_type=\"section\" data-e-type=\"section\">\n\t\t\t\t\t\t<div class=\"elementor-container elementor-column-gap-default\">\n\t\t\t\t\t<div class=\"elementor-column elementor-col-33 elementor-inner-column elementor-element elementor-element-7d0673e2\" data-id=\"7d0673e2\" data-element_type=\"column\" data-e-type=\"column\">\n\t\t\t<div class=\"elementor-widget-wrap elementor-element-populated\">\n\t\t\t\t\t\t<div class=\"elementor-element elementor-element-2eec8455 elementor-flip-box--effect-fade elementor-widget elementor-widget-flip-box\" data-id=\"2eec8455\" data-element_type=\"widget\" data-e-type=\"widget\" data-widget_type=\"flip-box.default\">\n\t\t\t\t<div class=\"elementor-widget-container\">\n\t\t\t\t\t\t\t<div class=\"elementor-flip-box\" tabindex=\"0\">\n\t\t\t<div class=\"elementor-flip-box__layer elementor-flip-box__front\">\n\t\t\t\t<div class=\"elementor-flip-box__layer__overlay\">\n\t\t\t\t\t<div class=\"elementor-flip-box__layer__inner\">\n\t\t\t\t\t\t\t\t\t\t\t\t\t<div class=\"elementor-icon-wrapper elementor-view-default\">\n\t\t\t\t\t\t\t\t<div class=\"elementor-icon\">\n\t\t\t\t\t\t\t\t\t\t\t\t\t\t\t\t\t<\/div>\n\t\t\t\t\t\t\t<\/div>\n\t\t\t\t\t\t\n\t\t\t\t\t\t\t\t\t\t\t\t\t<h3 class=\"elementor-flip-box__layer__title\">\n\t\t\t\t\t\t\t\tGranada \u2013 a p\u00e9rola da Andaluzia repleta de atra\u00e7\u00f5es extraordin\u00e1rias\t\t\t\t\t\t\t<\/h3>\n\t\t\t\t\t\t\n\t\t\t\t\t\t\t\t\t\t\t<\/div>\n\t\t\t\t<\/div>\n\t\t\t<\/div>\n\t\t\t<div class=\"elementor-flip-box__layer elementor-flip-box__back\">\n\t\t\t<div class=\"elementor-flip-box__layer__overlay\">\n\t\t\t\t<div class=\"elementor-flip-box__layer__inner\">\n\t\t\t\t\t\n\t\t\t\t\t\t\t\t\t\t\t<div class=\"elementor-flip-box__layer__description\">\n\t\t\t\t\t\t\tGranada \u00e9 uma das mais belas e fascinantes cidades de Espanha, situada no sop\u00e9 da Serra Nevada. \u00c9 um local onde as influ\u00eancias \u00e1rabes e crist\u00e3s se unem, criando uma atmosfera \u00fanica. Entre os seus diversos atrativos tur\u00edsticos destacam-se o Alhambra, o bairro hist\u00f3rico de Albaic\u00edn, a Capela Real e a monumental Catedral de Granada.\t\t\t\t\t\t<\/div>\n\t\t\t\t\t\n\t\t\t\t\t\t\t\t<\/div>\n\t\t<\/div>\n\t\t<\/div>\n\t\t<\/div>\n\t\t\t\t\t\t<\/div>\n\t\t\t\t<\/div>\n\t\t\t\t\t<\/div>\n\t\t<\/div>\n\t\t\t\t<div class=\"elementor-column elementor-col-33 elementor-inner-column elementor-element elementor-element-e2b43c8\" data-id=\"e2b43c8\" data-element_type=\"column\" data-e-type=\"column\">\n\t\t\t<div class=\"elementor-widget-wrap elementor-element-populated\">\n\t\t\t\t\t\t<div class=\"elementor-element elementor-element-11058a41 elementor-flip-box--effect-fade elementor-widget elementor-widget-flip-box\" data-id=\"11058a41\" data-element_type=\"widget\" data-e-type=\"widget\" data-widget_type=\"flip-box.default\">\n\t\t\t\t<div class=\"elementor-widget-container\">\n\t\t\t\t\t\t\t<div class=\"elementor-flip-box\" tabindex=\"0\">\n\t\t\t<div class=\"elementor-flip-box__layer elementor-flip-box__front\">\n\t\t\t\t<div class=\"elementor-flip-box__layer__overlay\">\n\t\t\t\t\t<div class=\"elementor-flip-box__layer__inner\">\n\t\t\t\t\t\t\t\t\t\t\t\t\t<div class=\"elementor-icon-wrapper elementor-view-default\">\n\t\t\t\t\t\t\t\t<div class=\"elementor-icon\">\n\t\t\t\t\t\t\t\t\t\t\t\t\t\t\t\t\t<\/div>\n\t\t\t\t\t\t\t<\/div>\n\t\t\t\t\t\t\n\t\t\t\t\t\t\t\t\t\t\t\t\t<h3 class=\"elementor-flip-box__layer__title\">\n\t\t\t\t\t\t\t\tAlhambra \u2013 um pal\u00e1cio de sonho da era mourisca\t\t\t\t\t\t\t<\/h3>\n\t\t\t\t\t\t\n\t\t\t\t\t\t\t\t\t\t\t<\/div>\n\t\t\t\t<\/div>\n\t\t\t<\/div>\n\t\t\t<div class=\"elementor-flip-box__layer elementor-flip-box__back\">\n\t\t\t<div class=\"elementor-flip-box__layer__overlay\">\n\t\t\t\t<div class=\"elementor-flip-box__layer__inner\">\n\t\t\t\t\t\n\t\t\t\t\t\t\t\t\t\t\t<div class=\"elementor-flip-box__layer__description\">\n\t\t\t\t\t\t\tO Alhambra \u00e9 o monumento mais importante e famoso de Granada e um dos mais belos exemplos da arquitetura isl\u00e2mica da Europa. Este complexo palaciano foi constru\u00eddo entre os s\u00e9culos XIII e XIV pela dinastia Nasrid e serviu durante anos de resid\u00eancia dos emires de Granada. \u00c9 composto por v\u00e1rias sec\u00e7\u00f5es, incluindo os Pal\u00e1cios Nasridas, a fortaleza Alcazaba e os jardins de ver\u00e3o do Generalife. Cada uma destas \u00e1reas deslumbra com a sua rica ornamenta\u00e7\u00e3o, intrincados arabescos, fontes e vistas panor\u00e2micas da cidade e das montanhas. \t\t\t\t\t\t<\/div>\n\t\t\t\t\t\n\t\t\t\t\t\t\t\t<\/div>\n\t\t<\/div>\n\t\t<\/div>\n\t\t<\/div>\n\t\t\t\t\t\t<\/div>\n\t\t\t\t<\/div>\n\t\t\t\t\t<\/div>\n\t\t<\/div>\n\t\t\t\t<div class=\"elementor-column elementor-col-33 elementor-inner-column elementor-element elementor-element-423d850d\" data-id=\"423d850d\" data-element_type=\"column\" data-e-type=\"column\">\n\t\t\t<div class=\"elementor-widget-wrap elementor-element-populated\">\n\t\t\t\t\t\t<div class=\"elementor-element elementor-element-7a1316fc elementor-flip-box--effect-fade elementor-widget elementor-widget-flip-box\" data-id=\"7a1316fc\" data-element_type=\"widget\" data-e-type=\"widget\" data-widget_type=\"flip-box.default\">\n\t\t\t\t<div class=\"elementor-widget-container\">\n\t\t\t\t\t\t\t<div class=\"elementor-flip-box\" tabindex=\"0\">\n\t\t\t<div class=\"elementor-flip-box__layer elementor-flip-box__front\">\n\t\t\t\t<div class=\"elementor-flip-box__layer__overlay\">\n\t\t\t\t\t<div class=\"elementor-flip-box__layer__inner\">\n\t\t\t\t\t\t\t\t\t\t\t\t\t<div class=\"elementor-icon-wrapper elementor-view-default\">\n\t\t\t\t\t\t\t\t<div class=\"elementor-icon\">\n\t\t\t\t\t\t\t\t\t\t\t\t\t\t\t\t\t<\/div>\n\t\t\t\t\t\t\t<\/div>\n\t\t\t\t\t\t\n\t\t\t\t\t\t\t\t\t\t\t\t\t<h3 class=\"elementor-flip-box__layer__title\">\n\t\t\t\t\t\t\t\tAlbaic\u00edn \u2013 um bairro cheio de hist\u00f3ria e vistas impressionantes\t\t\t\t\t\t\t<\/h3>\n\t\t\t\t\t\t\n\t\t\t\t\t\t\t\t\t\t\t<\/div>\n\t\t\t\t<\/div>\n\t\t\t<\/div>\n\t\t\t<div class=\"elementor-flip-box__layer elementor-flip-box__back\">\n\t\t\t<div class=\"elementor-flip-box__layer__overlay\">\n\t\t\t\t<div class=\"elementor-flip-box__layer__inner\">\n\t\t\t\t\t\n\t\t\t\t\t\t\t\t\t\t\t<div class=\"elementor-flip-box__layer__description\">\n\t\t\t\t\t\t\tO Albaic\u00edn \u00e9 o bairro mais antigo de Granada, cuja hist\u00f3ria remonta \u00e0 \u00e9poca \u00e1rabe. Situa-se numa colina em frente \u00e0 Alhambra e caracteriza-se pelas suas ruas estreitas e sinuosas, casas caiadas de branco e numerosos miradouros de onde se pode admirar uma vista deslumbrante sobre a cidade e a Alhambra. Um dos miradouros mais populares \u00e9 o Mirador de San Nicol\u00e1s, que oferece uma das mais belas vistas do pal\u00e1cio ao p\u00f4r-do-sol. Caminhar pelo Albaic\u00edn \u00e9 como viajar no tempo, at\u00e9 ao tempo em que Granada era o \u00faltimo basti\u00e3o mu\u00e7ulmano em Espanha.\t\t\t\t\t\t<\/div>\n\t\t\t\t\t\n\t\t\t\t\t\t\t\t<\/div>\n\t\t<\/div>\n\t\t<\/div>\n\t\t<\/div>\n\t\t\t\t\t\t<\/div>\n\t\t\t\t<\/div>\n\t\t\t\t\t<\/div>\n\t\t<\/div>\n\t\t\t\t\t<\/div>\n\t\t<\/section>\n\t\t\t\t<section class=\"elementor-section elementor-inner-section elementor-element elementor-element-e561983 elementor-section-boxed elementor-section-height-default elementor-section-height-default\" data-id=\"e561983\" data-element_type=\"section\" data-e-type=\"section\">\n\t\t\t\t\t\t<div class=\"elementor-container elementor-column-gap-default\">\n\t\t\t\t\t<div class=\"elementor-column elementor-col-33 elementor-inner-column elementor-element elementor-element-604bb49\" data-id=\"604bb49\" data-element_type=\"column\" data-e-type=\"column\">\n\t\t\t<div class=\"elementor-widget-wrap elementor-element-populated\">\n\t\t\t\t\t\t<div class=\"elementor-element elementor-element-51f4b9a elementor-flip-box--effect-fade elementor-widget elementor-widget-flip-box\" data-id=\"51f4b9a\" data-element_type=\"widget\" data-e-type=\"widget\" data-widget_type=\"flip-box.default\">\n\t\t\t\t<div class=\"elementor-widget-container\">\n\t\t\t\t\t\t\t<div class=\"elementor-flip-box\" tabindex=\"0\">\n\t\t\t<div class=\"elementor-flip-box__layer elementor-flip-box__front\">\n\t\t\t\t<div class=\"elementor-flip-box__layer__overlay\">\n\t\t\t\t\t<div class=\"elementor-flip-box__layer__inner\">\n\t\t\t\t\t\t\t\t\t\t\t\t\t<div class=\"elementor-icon-wrapper elementor-view-default\">\n\t\t\t\t\t\t\t\t<div class=\"elementor-icon\">\n\t\t\t\t\t\t\t\t\t\t\t\t\t\t\t\t\t<\/div>\n\t\t\t\t\t\t\t<\/div>\n\t\t\t\t\t\t\n\t\t\t\t\t\t\t\t\t\t\t\t\t<h3 class=\"elementor-flip-box__layer__title\">\n\t\t\t\t\t\t\t\tCapela Real \u2013 o local de repouso dos monarcas espanh\u00f3is\t\t\t\t\t\t\t<\/h3>\n\t\t\t\t\t\t\n\t\t\t\t\t\t\t\t\t\t\t<\/div>\n\t\t\t\t<\/div>\n\t\t\t<\/div>\n\t\t\t<div class=\"elementor-flip-box__layer elementor-flip-box__back\">\n\t\t\t<div class=\"elementor-flip-box__layer__overlay\">\n\t\t\t\t<div class=\"elementor-flip-box__layer__inner\">\n\t\t\t\t\t\n\t\t\t\t\t\t\t\t\t\t\t<div class=\"elementor-flip-box__layer__description\">\n\t\t\t\t\t\t\tNo cora\u00e7\u00e3o de Granada encontra-se a Capela Real, onde repousam alguns dos monarcas mais importantes da hist\u00f3ria de Espanha: os Reis Cat\u00f3licos, Isabel de Castela e Fernando de Arag\u00e3o. Foram eles que conseguiram a conquista definitiva de Granada em 1492, pondo fim \u00e0 Reconquista. A capela \u00e9 um exemplo da arquitetura g\u00f3tica tardia e deslumbra pelo seu interior ricamente decorado. No seu interior encontram-se os sarc\u00f3fagos dos monarcas, bem como uma cole\u00e7\u00e3o de arte sacra e objetos pessoais de Isabel e Fernando.\t\t\t\t\t\t<\/div>\n\t\t\t\t\t\n\t\t\t\t\t\t\t\t<\/div>\n\t\t<\/div>\n\t\t<\/div>\n\t\t<\/div>\n\t\t\t\t\t\t<\/div>\n\t\t\t\t<\/div>\n\t\t\t\t\t<\/div>\n\t\t<\/div>\n\t\t\t\t<div class=\"elementor-column elementor-col-33 elementor-inner-column elementor-element elementor-element-35ec380\" data-id=\"35ec380\" data-element_type=\"column\" data-e-type=\"column\">\n\t\t\t<div class=\"elementor-widget-wrap elementor-element-populated\">\n\t\t\t\t\t\t<div class=\"elementor-element elementor-element-0de026d elementor-flip-box--effect-fade elementor-widget elementor-widget-flip-box\" data-id=\"0de026d\" data-element_type=\"widget\" data-e-type=\"widget\" data-widget_type=\"flip-box.default\">\n\t\t\t\t<div class=\"elementor-widget-container\">\n\t\t\t\t\t\t\t<div class=\"elementor-flip-box\" tabindex=\"0\">\n\t\t\t<div class=\"elementor-flip-box__layer elementor-flip-box__front\">\n\t\t\t\t<div class=\"elementor-flip-box__layer__overlay\">\n\t\t\t\t\t<div class=\"elementor-flip-box__layer__inner\">\n\t\t\t\t\t\t\t\t\t\t\t\t\t<div class=\"elementor-icon-wrapper elementor-view-default\">\n\t\t\t\t\t\t\t\t<div class=\"elementor-icon\">\n\t\t\t\t\t\t\t\t\t\t\t\t\t\t\t\t\t<\/div>\n\t\t\t\t\t\t\t<\/div>\n\t\t\t\t\t\t\n\t\t\t\t\t\t\t\t\t\t\t\t\t<h3 class=\"elementor-flip-box__layer__title\">\n\t\t\t\t\t\t\t\tCatedral de Granada \u2013 uma obra-prima do Renascimento\t\t\t\t\t\t\t<\/h3>\n\t\t\t\t\t\t\n\t\t\t\t\t\t\t\t\t\t\t<\/div>\n\t\t\t\t<\/div>\n\t\t\t<\/div>\n\t\t\t<div class=\"elementor-flip-box__layer elementor-flip-box__back\">\n\t\t\t<div class=\"elementor-flip-box__layer__overlay\">\n\t\t\t\t<div class=\"elementor-flip-box__layer__inner\">\n\t\t\t\t\t\n\t\t\t\t\t\t\t\t\t\t\t<div class=\"elementor-flip-box__layer__description\">\n\t\t\t\t\t\t\tGranada possui tamb\u00e9m a sua magn\u00edfica Catedral da Encarna\u00e7\u00e3o, considerada uma das obras mais importantes da arquitetura renascentista em Espanha. A constru\u00e7\u00e3o da catedral come\u00e7ou em 1523 no local de uma antiga mesquita, e o seu interior impressiona pela sua amplitude e luminosidade. Destacam-se especialmente as suas colunas monumentais, os altares ricamente decorados e as capelas laterais. A catedral \u00e9 um s\u00edmbolo do triunfo do Cristianismo sobre o Isl\u00e3o e continua a ser um dos monumentos mais importantes de Granada.\t\t\t\t\t\t<\/div>\n\t\t\t\t\t\n\t\t\t\t\t\t\t\t<\/div>\n\t\t<\/div>\n\t\t<\/div>\n\t\t<\/div>\n\t\t\t\t\t\t<\/div>\n\t\t\t\t<\/div>\n\t\t\t\t\t<\/div>\n\t\t<\/div>\n\t\t\t\t<div class=\"elementor-column elementor-col-33 elementor-inner-column elementor-element elementor-element-be76890\" data-id=\"be76890\" data-element_type=\"column\" data-e-type=\"column\">\n\t\t\t<div class=\"elementor-widget-wrap elementor-element-populated\">\n\t\t\t\t\t\t<div class=\"elementor-element elementor-element-c0094f0 elementor-flip-box--effect-fade elementor-widget elementor-widget-flip-box\" data-id=\"c0094f0\" data-element_type=\"widget\" data-e-type=\"widget\" data-widget_type=\"flip-box.default\">\n\t\t\t\t<div class=\"elementor-widget-container\">\n\t\t\t\t\t\t\t<div class=\"elementor-flip-box\" tabindex=\"0\">\n\t\t\t<div class=\"elementor-flip-box__layer elementor-flip-box__front\">\n\t\t\t\t<div class=\"elementor-flip-box__layer__overlay\">\n\t\t\t\t\t<div class=\"elementor-flip-box__layer__inner\">\n\t\t\t\t\t\t\t\t\t\t\t\t\t<div class=\"elementor-icon-wrapper elementor-view-default\">\n\t\t\t\t\t\t\t\t<div class=\"elementor-icon\">\n\t\t\t\t\t\t\t\t\t\t\t\t\t\t\t\t\t<\/div>\n\t\t\t\t\t\t\t<\/div>\n\t\t\t\t\t\t\n\t\t\t\t\t\t\t\t\t\t\t\t\t<h3 class=\"elementor-flip-box__layer__title\">\n\t\t\t\t\t\t\t\tGuadix\t\t\t\t\t\t\t<\/h3>\n\t\t\t\t\t\t\n\t\t\t\t\t\t\t\t\t\t\t<\/div>\n\t\t\t\t<\/div>\n\t\t\t<\/div>\n\t\t\t<div class=\"elementor-flip-box__layer elementor-flip-box__back\">\n\t\t\t<div class=\"elementor-flip-box__layer__overlay\">\n\t\t\t\t<div class=\"elementor-flip-box__layer__inner\">\n\t\t\t\t\t\n\t\t\t\t\t\t\t\t\t\t\t<div class=\"elementor-flip-box__layer__description\">\n\t\t\t\t\t\t\tGuadix \u00e9 uma cidade encantadora que esconde muitos segredos e hist\u00f3rias. Conhecida principalmente pelas suas casas-caverna \u00fanicas, onde vivem pessoas, oferece um ambiente especial que n\u00e3o se encontra em mais lado nenhum. Vale a pena visitar para descobrir paisagens pitorescas, passear pelas suas ruas estreitas cheias de hist\u00f3ria e admirar monumentos como a catedral ou o castelo. Guadix \u00e9 tamb\u00e9m um excelente ponto de partida para explorar outras partes da Andaluzia. \u00c9 um local que permite sentir o verdadeiro esp\u00edrito da regi\u00e3o, longe das multid\u00f5es de turistas.\t\t\t\t\t\t<\/div>\n\t\t\t\t\t\n\t\t\t\t\t\t\t\t<\/div>\n\t\t<\/div>\n\t\t<\/div>\n\t\t<\/div>\n\t\t\t\t\t\t<\/div>\n\t\t\t\t<\/div>\n\t\t\t\t\t<\/div>\n\t\t<\/div>\n\t\t\t\t\t<\/div>\n\t\t<\/section>\n\t\t\t\t\t<\/div>\n\t\t<\/div>\n\t\t\t\t\t<\/div>\n\t\t<\/section>\n\t\t\t\t<section class=\"elementor-section elementor-top-section elementor-element elementor-element-270cf038 elementor-section-boxed elementor-section-height-default elementor-section-height-default\" data-id=\"270cf038\" data-element_type=\"section\" data-e-type=\"section\" data-settings=\"{&quot;background_background&quot;:&quot;classic&quot;}\">\n\t\t\t\t\t\t\t<div class=\"elementor-background-overlay\"><\/div>\n\t\t\t\t\t\t\t<div class=\"elementor-container elementor-column-gap-default\">\n\t\t\t\t\t<div class=\"elementor-column elementor-col-50 elementor-top-column elementor-element elementor-element-72ed21dd\" data-id=\"72ed21dd\" data-element_type=\"column\" data-e-type=\"column\">\n\t\t\t<div class=\"elementor-widget-wrap elementor-element-populated\">\n\t\t\t\t\t\t<div class=\"elementor-element elementor-element-1330838d elementor-widget elementor-widget-heading\" data-id=\"1330838d\" data-element_type=\"widget\" data-e-type=\"widget\" data-widget_type=\"heading.default\">\n\t\t\t\t<div class=\"elementor-widget-container\">\n\t\t\t\t\t<h4 class=\"elementor-heading-title elementor-size-default\">Pronto para explorar estes lugares m\u00e1gicos? Descubra os meus passeios personalizados e viva uma experi\u00eancia inesquec\u00edvel<\/h4>\t\t\t\t<\/div>\n\t\t\t\t<\/div>\n\t\t\t\t\t<\/div>\n\t\t<\/div>\n\t\t\t\t<div class=\"elementor-column elementor-col-50 elementor-top-column elementor-element elementor-element-1518d44c\" data-id=\"1518d44c\" data-element_type=\"column\" data-e-type=\"column\">\n\t\t\t<div class=\"elementor-widget-wrap elementor-element-populated\">\n\t\t\t\t\t\t<div class=\"elementor-element elementor-element-38576e0d elementor-align-right elementor-widget elementor-widget-button\" data-id=\"38576e0d\" data-element_type=\"widget\" data-e-type=\"widget\" data-widget_type=\"button.default\">\n\t\t\t\t<div class=\"elementor-widget-container\">\n\t\t\t\t\t\t\t\t\t<div class=\"elementor-button-wrapper\">\n\t\t\t\t\t<a class=\"elementor-button elementor-button-link elementor-size-sm\" href=\"https:\/\/przewodnikgranada.com\/pt\/servicios\/\">\n\t\t\t\t\t\t<span class=\"elementor-button-content-wrapper\">\n\t\t\t\t\t\t\t\t\t<span class=\"elementor-button-text\">Explorar os meus passeios<\/span>\n\t\t\t\t\t<\/span>\n\t\t\t\t\t<\/a>\n\t\t\t\t<\/div>\n\t\t\t\t\t\t\t\t<\/div>\n\t\t\t\t<\/div>\n\t\t\t\t\t<\/div>\n\t\t<\/div>\n\t\t\t\t\t<\/div>\n\t\t<\/section>\n\t\t\t\t<\/div>","protected":false},"excerpt":{"rendered":"<p>Sitios interesantes para ver Historia, cultura y paisajes inolvidables te esperan en cada rinc\u00f3n. Granada \u2013 la perla de Andaluc\u00eda llena de atracciones extraordinarias Granada es una de las ciudades m\u00e1s bellas y fascinantes de Espa\u00f1a, situada a los pies de la Sierra Nevada. Es un lugar donde confluyen influencias \u00e1rabes y cristianas, creando una [&hellip;]<\/p>\n","protected":false},"author":12,"featured_media":0,"parent":0,"menu_order":0,"comment_status":"closed","ping_status":"closed","template":"","meta":{"footnotes":""},"class_list":["post-133","page","type-page","status-publish","hentry"],"yoast_head":"<!-- This site is optimized with the Yoast SEO plugin v27.4 - https:\/\/yoast.com\/product\/yoast-seo-wordpress\/ -->\n<title>Sitios interesantes para ver - Descubre Andaluc\u00eda con Agnieszka<\/title>\n<meta name=\"robots\" content=\"index, follow, max-snippet:-1, max-image-preview:large, max-video-preview:-1\" \/>\n<link rel=\"canonical\" href=\"https:\/\/przewodnikgranada.com\/pt\/sitios-interesantes-para-ver\/\" \/>\n<meta property=\"og:locale\" content=\"pt_PT\" \/>\n<meta property=\"og:type\" content=\"article\" \/>\n<meta property=\"og:title\" content=\"Sitios interesantes para ver - Descubre Andaluc\u00eda con Agnieszka\" \/>\n<meta property=\"og:description\" content=\"Sitios interesantes para ver Historia, cultura y paisajes inolvidables te esperan en cada rinc\u00f3n. Granada \u2013 la perla de Andaluc\u00eda llena de atracciones extraordinarias Granada es una de las ciudades m\u00e1s bellas y fascinantes de Espa\u00f1a, situada a los pies de la Sierra Nevada. Es un lugar donde confluyen influencias \u00e1rabes y cristianas, creando una [&hellip;]\" \/>\n<meta property=\"og:url\" content=\"https:\/\/przewodnikgranada.com\/pt\/sitios-interesantes-para-ver\/\" \/>\n<meta property=\"og:site_name\" content=\"Descubre Andaluc\u00eda con Agnieszka\" \/>\n<meta property=\"article:modified_time\" content=\"2025-03-05T21:30:43+00:00\" \/>\n<meta name=\"twitter:card\" content=\"summary_large_image\" \/>\n<meta name=\"twitter:label1\" content=\"Tempo estimado de leitura\" \/>\n\t<meta name=\"twitter:data1\" content=\"3 minutos\" \/>\n<script type=\"application\/ld+json\" class=\"yoast-schema-graph\">{\"@context\":\"https:\\\/\\\/schema.org\",\"@graph\":[{\"@type\":\"WebPage\",\"@id\":\"https:\\\/\\\/przewodnikgranada.com\\\/sitios-interesantes-para-ver\\\/\",\"url\":\"https:\\\/\\\/przewodnikgranada.com\\\/sitios-interesantes-para-ver\\\/\",\"name\":\"Sitios interesantes para ver - Descubre Andaluc\u00eda con Agnieszka\",\"isPartOf\":{\"@id\":\"https:\\\/\\\/przewodnikgranada.com\\\/#website\"},\"datePublished\":\"2025-03-03T18:58:54+00:00\",\"dateModified\":\"2025-03-05T21:30:43+00:00\",\"breadcrumb\":{\"@id\":\"https:\\\/\\\/przewodnikgranada.com\\\/sitios-interesantes-para-ver\\\/#breadcrumb\"},\"inLanguage\":\"pt-PT\",\"potentialAction\":[{\"@type\":\"ReadAction\",\"target\":[\"https:\\\/\\\/przewodnikgranada.com\\\/sitios-interesantes-para-ver\\\/\"]}]},{\"@type\":\"BreadcrumbList\",\"@id\":\"https:\\\/\\\/przewodnikgranada.com\\\/sitios-interesantes-para-ver\\\/#breadcrumb\",\"itemListElement\":[{\"@type\":\"ListItem\",\"position\":1,\"name\":\"Portada\",\"item\":\"https:\\\/\\\/przewodnikgranada.com\\\/\"},{\"@type\":\"ListItem\",\"position\":2,\"name\":\"Sitios interesantes para ver\"}]},{\"@type\":\"WebSite\",\"@id\":\"https:\\\/\\\/przewodnikgranada.com\\\/#website\",\"url\":\"https:\\\/\\\/przewodnikgranada.com\\\/\",\"name\":\"Descubre Andaluc\u00eda con Agnieszka\",\"description\":\"\",\"potentialAction\":[{\"@type\":\"SearchAction\",\"target\":{\"@type\":\"EntryPoint\",\"urlTemplate\":\"https:\\\/\\\/przewodnikgranada.com\\\/?s={search_term_string}\"},\"query-input\":{\"@type\":\"PropertyValueSpecification\",\"valueRequired\":true,\"valueName\":\"search_term_string\"}}],\"inLanguage\":\"pt-PT\"}]}<\/script>\n<!-- \/ Yoast SEO plugin. -->","yoast_head_json":{"title":"Sitios interesantes para ver - Descubre Andaluc\u00eda con Agnieszka","robots":{"index":"index","follow":"follow","max-snippet":"max-snippet:-1","max-image-preview":"max-image-preview:large","max-video-preview":"max-video-preview:-1"},"canonical":"https:\/\/przewodnikgranada.com\/pt\/sitios-interesantes-para-ver\/","og_locale":"pt_PT","og_type":"article","og_title":"Sitios interesantes para ver - Descubre Andaluc\u00eda con Agnieszka","og_description":"Sitios interesantes para ver Historia, cultura y paisajes inolvidables te esperan en cada rinc\u00f3n. Granada \u2013 la perla de Andaluc\u00eda llena de atracciones extraordinarias Granada es una de las ciudades m\u00e1s bellas y fascinantes de Espa\u00f1a, situada a los pies de la Sierra Nevada. Es un lugar donde confluyen influencias \u00e1rabes y cristianas, creando una [&hellip;]","og_url":"https:\/\/przewodnikgranada.com\/pt\/sitios-interesantes-para-ver\/","og_site_name":"Descubre Andaluc\u00eda con Agnieszka","article_modified_time":"2025-03-05T21:30:43+00:00","twitter_card":"summary_large_image","twitter_misc":{"Tempo estimado de leitura":"3 minutos"},"schema":{"@context":"https:\/\/schema.org","@graph":[{"@type":"WebPage","@id":"https:\/\/przewodnikgranada.com\/sitios-interesantes-para-ver\/","url":"https:\/\/przewodnikgranada.com\/sitios-interesantes-para-ver\/","name":"Sitios interesantes para ver - Descubre Andaluc\u00eda con Agnieszka","isPartOf":{"@id":"https:\/\/przewodnikgranada.com\/#website"},"datePublished":"2025-03-03T18:58:54+00:00","dateModified":"2025-03-05T21:30:43+00:00","breadcrumb":{"@id":"https:\/\/przewodnikgranada.com\/sitios-interesantes-para-ver\/#breadcrumb"},"inLanguage":"pt-PT","potentialAction":[{"@type":"ReadAction","target":["https:\/\/przewodnikgranada.com\/sitios-interesantes-para-ver\/"]}]},{"@type":"BreadcrumbList","@id":"https:\/\/przewodnikgranada.com\/sitios-interesantes-para-ver\/#breadcrumb","itemListElement":[{"@type":"ListItem","position":1,"name":"Portada","item":"https:\/\/przewodnikgranada.com\/"},{"@type":"ListItem","position":2,"name":"Sitios interesantes para ver"}]},{"@type":"WebSite","@id":"https:\/\/przewodnikgranada.com\/#website","url":"https:\/\/przewodnikgranada.com\/","name":"Descubra a Andaluzia com Agnieszka","description":"","potentialAction":[{"@type":"SearchAction","target":{"@type":"EntryPoint","urlTemplate":"https:\/\/przewodnikgranada.com\/?s={search_term_string}"},"query-input":{"@type":"PropertyValueSpecification","valueRequired":true,"valueName":"search_term_string"}}],"inLanguage":"pt-PT"}]}},"_links":{"self":[{"href":"https:\/\/przewodnikgranada.com\/pt\/wp-json\/wp\/v2\/pages\/133","targetHints":{"allow":["GET"]}}],"collection":[{"href":"https:\/\/przewodnikgranada.com\/pt\/wp-json\/wp\/v2\/pages"}],"about":[{"href":"https:\/\/przewodnikgranada.com\/pt\/wp-json\/wp\/v2\/types\/page"}],"author":[{"embeddable":true,"href":"https:\/\/przewodnikgranada.com\/pt\/wp-json\/wp\/v2\/users\/12"}],"replies":[{"embeddable":true,"href":"https:\/\/przewodnikgranada.com\/pt\/wp-json\/wp\/v2\/comments?post=133"}],"version-history":[{"count":10,"href":"https:\/\/przewodnikgranada.com\/pt\/wp-json\/wp\/v2\/pages\/133\/revisions"}],"predecessor-version":[{"id":221,"href":"https:\/\/przewodnikgranada.com\/pt\/wp-json\/wp\/v2\/pages\/133\/revisions\/221"}],"wp:attachment":[{"href":"https:\/\/przewodnikgranada.com\/pt\/wp-json\/wp\/v2\/media?parent=133"}],"curies":[{"name":"wp","href":"https:\/\/api.w.org\/{rel}","templated":true}]}}