{"id":16,"date":"2025-01-27T08:51:21","date_gmt":"2025-01-27T07:51:21","guid":{"rendered":"https:\/\/przewodnikgranada.com\/?page_id=16"},"modified":"2025-04-29T11:16:14","modified_gmt":"2025-04-29T09:16:14","slug":"legal","status":"publish","type":"page","link":"https:\/\/przewodnikgranada.com\/pt\/legal\/","title":{"rendered":"Aviso legal"},"content":{"rendered":"<div data-elementor-type=\"wp-page\" data-elementor-id=\"16\" class=\"elementor elementor-16\" data-elementor-post-type=\"page\">\n\t\t\t\t<div class=\"elementor-element elementor-element-bd6b8b0 e-flex e-con-boxed e-con e-parent\" data-id=\"bd6b8b0\" data-element_type=\"container\" data-e-type=\"container\">\n\t\t\t\t\t<div class=\"e-con-inner\">\n\t\t\t\t<div class=\"elementor-element elementor-element-4eaca75 elementor-widget elementor-widget-heading\" data-id=\"4eaca75\" data-element_type=\"widget\" data-e-type=\"widget\" data-widget_type=\"heading.default\">\n\t\t\t\t<div class=\"elementor-widget-container\">\n\t\t\t\t\t<h1 class=\"elementor-heading-title elementor-size-default\">Aviso legal<\/h1>\t\t\t\t<\/div>\n\t\t\t\t<\/div>\n\t\t\t\t<div class=\"elementor-element elementor-element-cc65e69 elementor-widget elementor-widget-text-editor\" data-id=\"cc65e69\" data-element_type=\"widget\" data-e-type=\"widget\" data-widget_type=\"text-editor.default\">\n\t\t\t\t<div class=\"elementor-widget-container\">\n\t\t\t\t\t\t\t\t\t<div class=\"row\"><div class=\"col col-xl-10 mx-auto\"><div class=\"paper\"><header class=\"text-center\"><h4>I. INFORMA\u00c7\u00d5ES GERAIS<\/h4><\/header><div><p>Em cumprimento com o dever de informa\u00e7\u00e3o previsto na Lei 34\/2002 de Servi\u00e7os da Sociedade da Informa\u00e7\u00e3o e Com\u00e9rcio Eletr\u00f4nico (LSSI-CE), de 11 de julho, s\u00e3o fornecidos a seguir os seguintes dados de informa\u00e7\u00e3o geral deste s\u00edtio da web:<\/p><p>A titularidade deste site, <span class=\"blanc-space ng-binding\">przewodnikgranada.com<\/span>(doravante, Site) da onu: <span class=\"blanc-space ng-binding\">Agnieszka Korobczak Serra<\/span>, com o NIF: <span class=\"blanc-space ng-binding\">X5543892H<\/span>, e cujos dados de contato s\u00e3o:<\/p><p class=\"ng-hide\">A titularidade deste site, <span class=\"blanc-space ng-binding\">przewodnikgranada.com<\/span>(doravante, Site) da onu: , com o NIF: <span class=\"blanc-space ng-binding\">X5543892H<\/span> e inscrita no: com os seguintes dados cadastrais: , cujo representante \u00e9: , e cujos dados de contato s\u00e3o:<\/p><p>Endere\u00e7o: <span class=\"blanc-space ng-binding\">c\/ Solana 30, 18518 Albu\u00f1\u00e1n<\/span><\/p><p>Telefone de contato: <span class=\"blanc-space ng-binding\">+34643133102<\/span><\/p><p class=\"ng-hide\">Fax:<\/p><p>Email de contato: <span class=\"blanc-space ng-binding\">akorobczaksierra@gmail.com<\/span><\/p><h3>II. TERMOS E CONDI\u00c7\u00d5ES GERAIS DE USO<\/h3><h4>O objeto das condi\u00e7\u00f5es: O Site<\/h4><p>O objecto das presentes Condi\u00e7\u00f5es Gerais de Uso (doravante, Condi\u00e7\u00f5es) \u00e9 regular o acesso e a utiliza\u00e7\u00e3o do Site. Para os efeitos das presentes Condi\u00e7\u00f5es, entende-se como S\u00edtio Web: a apar\u00eancia externa dos interfaces de tela, tanto de forma est\u00e1tica, como de forma din\u00e2mica, ou seja, a \u00e1rvore de navega\u00e7\u00e3o; e todos os elementos integrados, tanto os interfaces de tela, como na \u00e1rvore de navega\u00e7\u00e3o (doravante, Conte\u00fados) e todos os servi\u00e7os ou recursos on-line que ofere\u00e7a aos Usu\u00e1rios (doravante, &#034;Servi\u00e7os&#034;).<\/p><p><span class=\"blanc-space ng-binding\">Descubra a Andaluzia com Agnieszka<\/span> reserva-se a faculdade de modificar, em qualquer momento, e sem pr\u00e9vio aviso, a apresenta\u00e7\u00e3o e configura\u00e7\u00e3o do Site e os Conte\u00fados e Servi\u00e7os que possam ser incorporados. O Usu\u00e1rio reconhece e aceita que, em qualquer momento <span class=\"blanc-space ng-binding\">Descubra a Andaluzia com Agnieszka<\/span> possa interromper, desativar e\/ou cancelar qualquer um destes elementos que se integram no Site, ou o acesso aos mesmos.<\/p><p>O acesso ao Site pelo Usu\u00e1rio, tem car\u00e1ter livre e, por regra geral, \u00e9 gratuito, sem que o Usu\u00e1rio tenha de fornecer uma contrapartida para poder desfrutar disso, salvo no que diz respeito ao custo de liga\u00e7\u00e3o atrav\u00e9s da rede de telecomunica\u00e7\u00f5es, pelo provedor de acesso que houver contratado o Usu\u00e1rio.<\/p><p class=\"ng-hide\">Al\u00e9m do custo de conex\u00e3o atrav\u00e9s da rede de telecomunica\u00e7\u00f5es, pelo provedor de acesso, e que se for contratado o Usu\u00e1rio, alguns dos Conte\u00fados ou Servi\u00e7os oferecidos por <span class=\"blanc-space ng-binding\">Descubra a Andaluzia com Agnieszka<\/span> ou, no seu caso, terceiros atrav\u00e9s do Site podem estar sujeitos \u00e0 contrata\u00e7\u00e3o pr\u00e9via do Conte\u00fado ou Servi\u00e7o, em cujo caso deve-se especificar de forma clara e\/ou colocar\u00e1 \u00e0 disposi\u00e7\u00e3o do Usu\u00e1rio as correspondentes Condi\u00e7\u00f5es Gerais ou Particulares que isso se aplica.<\/p><p>A utiliza\u00e7\u00e3o de algum dos Conte\u00fados ou Servi\u00e7os do Site pode ser feito mediante a subscri\u00e7\u00e3o ou registo pr\u00e9vio do Utilizador.<\/p><p class=\"ng-hide\">A utiliza\u00e7\u00e3o dos Conte\u00fados n\u00e3o exige inscri\u00e7\u00e3o pr\u00e9via ou registro algum.<\/p><h4>O Usu\u00e1rio<\/h4><p>O acesso, navega\u00e7\u00e3o e utiliza\u00e7\u00e3o do Site, bem como os espa\u00e7os habilitados para intera\u00e7\u00e3o entre os Usu\u00e1rios e o Usu\u00e1rio e <span class=\"blanc-space ng-binding\">Descubra a Andaluzia com Agnieszka<\/span>como os clientes e\/ou espa\u00e7os de blogging, confere a condi\u00e7\u00e3o de Utilizador, pelo que se aceitam, desde que se inicia a navega\u00e7\u00e3o pelo Site, todas as Condi\u00e7\u00f5es aqui estabelecidas, bem como suas respectivas altera\u00e7\u00f5es, sem preju\u00edzo da aplica\u00e7\u00e3o da correspondente regulamenta\u00e7\u00e3o legal de cumprimento obrigat\u00f3rio, conforme o caso. Dada a relev\u00e2ncia do anterior, recomenda-se ao Usu\u00e1rio a leitura, de cada vez que visitar o Site.<\/p><p>O Site <span class=\"blanc-space ng-binding\">Descubra a Andaluzia com Agnieszka<\/span> oferece grande diversidade de informa\u00e7\u00f5es, dados e servi\u00e7os. O Usu\u00e1rio assume a sua responsabilidade para fazer um uso correcto do Site. Esta responsabilidade estende-se a:<\/p><ul><li>Utiliza\u00e7\u00e3o da informa\u00e7\u00e3o, Conte\u00fados e\/ou Servi\u00e7os e dados oferecidos por <span class=\"blanc-space ng-binding\">Descubra a Andaluzia com Agnieszka<\/span> sem que seja contr\u00e1rio ao disposto nas presentes Condi\u00e7\u00f5es, a Lei, a moral ou a ordem p\u00fablica, ou que, de qualquer outro modo possam resultar les\u00e3o de direitos de terceiros ou mesmo do funcionamento do Site.<\/li><li>A veracidade e legalidade das informa\u00e7\u00f5es prestadas pelo Utilizador nos formul\u00e1rios emitidos por <span class=\"blanc-space ng-binding\">Descubra a Andaluzia com Agnieszka<\/span> para o acesso a determinados Conte\u00fados ou Servi\u00e7os oferecidos pelo Site. Em todo o caso, o Usu\u00e1rio deve notificar imediatamente a <span class=\"blanc-space ng-binding\">Descubra a Andaluzia com Agnieszka<\/span> sobre qualquer facto que permita o uso indevido das informa\u00e7\u00f5es registradas nesses formul\u00e1rios, tais como, mas n\u00e3o apenas, o roubo, o extravio ou o acesso n\u00e3o autorizado aos identificadores e\/ou senhas, com o fim de proceder ao seu cancelamento imediato.<\/li><\/ul><p><span class=\"blanc-space ng-binding\">Descubra a Andaluzia com Agnieszka<\/span> reserva-se o direito de remover todos os coment\u00e1rios que violem a lei, o respeito \u00e0 dignidade da pessoa, que sejam discriminat\u00f3rios, xen\u00f3fobos, racistas, pornogr\u00e1ficos, spam, que atentem contra a juventude ou a inf\u00e2ncia, a ordem ou a seguran\u00e7a p\u00fablica ou que, a seu ju\u00edzo, n\u00e3o forem adequados para a sua publica\u00e7\u00e3o.<\/p><p>Em qualquer caso, <span class=\"blanc-space ng-binding\">Descubra a Andaluzia com Agnieszka<\/span> n\u00e3o ser\u00e1 respons\u00e1vel pelas opini\u00f5es emitidas pelos Usu\u00e1rios atrav\u00e9s de coment\u00e1rios ou outras ferramentas de blogging ou de participa\u00e7\u00e3o que possa ter.<\/p><p>O simples acesso a este Site da Web n\u00e3o sup\u00f5e estabelecer nenhum tipo de rela\u00e7\u00e3o de car\u00e1ter comercial entre <span class=\"blanc-space ng-binding\">Descubra a Andaluzia com Agnieszka<\/span> e o Usu\u00e1rio.<\/p><p>O Usu\u00e1rio declara ser maior de idade e possuir a capacidade jur\u00eddica suficiente para vincular-se \u00e0s presentes Condi\u00e7\u00f5es. Portanto, este Site <span class=\"blanc-space ng-binding\">Descubra a Andaluzia com Agnieszka<\/span> n\u00e3o \u00e9 destinado a menores de idade. <span class=\"blanc-space ng-binding\">Descubra a Andaluzia com Agnieszka<\/span> declina-se qualquer responsabilidade pelo descumprimento desta exig\u00eancia.<\/p><p class=\"ng-hide\">Sempre no respeito da legisla\u00e7\u00e3o em vigor, este Site <span class=\"blanc-space ng-binding\">Descubra a Andaluzia com Agnieszka<\/span> dirige-se a todas as pessoas, sem importar a sua idade, para que possam aceder e\/ou navegar pelas p\u00e1ginas do Site.<\/p><p>O Site \u00e9 direcionado principalmente para Usu\u00e1rios residentes em <span class=\"blanc-space ng-binding\">Espanha<\/span>. <span class=\"blanc-space ng-binding\">Descubra a Andaluzia com Agnieszka<\/span> n\u00e3o garante que o Site cumpra com legisla\u00e7\u00f5es de outros pa\u00edses, seja total ou parcialmente. Se o Usu\u00e1rio reside ou tem o seu domic\u00edlio em outro lugar e decidir aceder e\/ou navegar no Site, voc\u00ea o far\u00e1 por sua pr\u00f3pria responsabilidade, dever\u00e1 certificar-se de que tal acesso e a navega\u00e7\u00e3o est\u00e1 em conformidade com a lei local que lhe seja aplic\u00e1vel, n\u00e3o assumindo <span class=\"blanc-space ng-binding\">Descubra a Andaluzia com Agnieszka<\/span> responsabilidade que possa derivar de tal acesso.<\/p><h3>III. ACESSO E NAVEGA\u00c7\u00c3O NO SITE: EXCLUS\u00c3O DE GARANTIAS E RESPONSABILIDADE<\/h3><p><span class=\"blanc-space ng-binding\">Descubra a Andaluzia com Agnieszka<\/span> n\u00e3o garante a continuidade, disponibilidade e utilidade do Site e dos Conte\u00fados ou Servi\u00e7os. <span class=\"blanc-space ng-binding\">Descubra a Andaluzia com Agnieszka<\/span> far\u00e1 todo o poss\u00edvel para o bom funcionamento do Site, no entanto, n\u00e3o se responsabiliza nem garante que o acesso a este Site n\u00e3o ser\u00e1 interrompido ou que estar\u00e1 livre de erro.<\/p><p>Tamb\u00e9m n\u00e3o se responsabiliza ou garante que o conte\u00fado ou software a que possa aceder atrav\u00e9s deste Website esteja livre de erros ou cause dano ao sistema inform\u00e1tico (software e hardware) do Utilizador. Em nenhum caso <span class=\"blanc-space ng-binding\">Descubra a Andaluzia com Agnieszka<\/span> ser\u00e1 respons\u00e1vel pelas perdas, danos ou preju\u00edzos de qualquer tipo que surjam pelo acesso, navega\u00e7\u00e3o e utiliza\u00e7\u00e3o do Site, incluindo, mas n\u00e3o se limitando, os utilizadores dos sistemas inform\u00e1ticos ou os provocados pela introdu\u00e7\u00e3o de v\u00edrus.<\/p><p><span class=\"blanc-space ng-binding\">Descubra a Andaluzia com Agnieszka<\/span> tamb\u00e9m n\u00e3o se responsabiliza pelos danos que possam sofrer os utilizadores por um uso inadequado deste Site. Em particular, n\u00e3o se responsabiliza de modo algum as falhas, interrup\u00e7\u00f5es, falta ou defeito de telecomunica\u00e7\u00f5es que possam ocorrer.<\/p><h3>IV. POL\u00cdTICA DE LINKS<\/h3><p>Informa-Se que o Site de <span class=\"blanc-space ng-binding\">Descubra a Andaluzia com Agnieszka<\/span> coloca ou pode colocar \u00e0 disposi\u00e7\u00e3o dos Usu\u00e1rios os meios de liga\u00e7\u00e3o (tais como, entre outros, links, banners, bot\u00f5es), direct\u00f3rios e ferramentas de busca que permitem aos Usu\u00e1rios ter acesso a sites pertencentes e\/ou geridos por terceiros.<\/p><p>A instala\u00e7\u00e3o destes links, direct\u00f3rios e motores de busca do Site tem por objectivo facilitar aos Utilizadores a busca e o acesso \u00e0 informa\u00e7\u00e3o dispon\u00edvel na Internet, sem que possam ser consideradas como sugest\u00e3o, recomenda\u00e7\u00e3o ou convite para a visita dos mesmos.<\/p><p><span class=\"blanc-space ng-binding\">Descubra a Andaluzia com Agnieszka<\/span> n\u00e3o oferece nem comercializa, por si ou por meio de terceiros os produtos e\/ou servi\u00e7os dispon\u00edveis em tais sites ligados.<\/p><p class=\"ng-hide\"><span class=\"blanc-space ng-binding\">Descubra a Andaluzia com Agnieszka<\/span> oferece conte\u00fados patrocinados, an\u00fancios e\/ou links de afiliados. A informa\u00e7\u00e3o que aparece nesses links de afiliados ou os an\u00fancios inseridos, s\u00e3o fornecidos pelos pr\u00f3prios anunciantes, por isso que <span class=\"blanc-space ng-binding\">Descubra a Andaluzia com Agnieszka<\/span> n\u00e3o se responsabiliza por eventuais imprecis\u00f5es ou erros que possam conter os an\u00fancios, nem garante a experi\u00eancia, a integridade ou a responsabilidade dos anunciantes e a qualidade de seus produtos e\/ou servi\u00e7os.<\/p><p>Al\u00e9m disso, tamb\u00e9m n\u00e3o garante a disponibilidade t\u00e9cnica, exactid\u00e3o, veracidade, validade ou legalidade de sites alheios \u00e0 sua propriedade aos que se possa aceder atrav\u00e9s de links.<\/p><p><span class=\"blanc-space ng-binding\">Descubra a Andaluzia com Agnieszka<\/span> em nenhum caso, rev\u00ea ou controla o conte\u00fado de outros sites, assim como tamb\u00e9m n\u00e3o aprova, examina nem faz pr\u00f3prios os produtos e servi\u00e7os, conte\u00fados, arquivos e qualquer outro material existente nos referidos sites.<\/p><p><span class=\"blanc-space ng-binding\">Descubra a Andaluzia com Agnieszka<\/span> n\u00e3o assume nenhuma responsabilidade pelos danos e preju\u00edzos que possam decorrer do acesso, uso, qualidade ou licitude dos conte\u00fados, comunica\u00e7\u00f5es, opini\u00f5es, produtos e servi\u00e7os dos s\u00edtios da web n\u00e3o geridos pela <span class=\"blanc-space ng-binding\">Descubra a Andaluzia com Agnieszka<\/span> e que s\u00e3o vinculados no Site.<\/p><p>O Usu\u00e1rio ou terceiro que fa\u00e7a um hiperlink em uma p\u00e1gina da web de outro, o diferente, o site da web para o Site de <span class=\"blanc-space ng-binding\">Descubra a Andaluzia com Agnieszka<\/span> voc\u00ea deve saber que:<\/p><p>N\u00e3o \u00e9 permitida a reprodu\u00e7\u00e3o \u2014total ou parcialmente\u2014 de qualquer Conte\u00fado e\/ou Servi\u00e7os do Site sem autoriza\u00e7\u00e3o expressa do <span class=\"blanc-space ng-binding\">Descubra a Andaluzia com Agnieszka<\/span>.<\/p><p>N\u00e3o se permite nem nenhuma manifesta\u00e7\u00e3o falsa, inexata ou incorreta sobre o Site <span class=\"blanc-space ng-binding\">Descubra a Andaluzia com Agnieszka<\/span>nem sobre os Conte\u00fados e\/ou Servi\u00e7os do mesmo.<\/p><p>\u00c0 exce\u00e7\u00e3o do hiperlink, a p\u00e1gina web em que se estabele\u00e7a esse link n\u00e3o conter\u00e1 qualquer item, neste Site, \u00e9 protegido como propriedade intelectual pelo ordenamento jur\u00eddico portugu\u00eas, salvo autoriza\u00e7\u00e3o expressa <span class=\"blanc-space ng-binding\">Descubra a Andaluzia com Agnieszka<\/span>.<\/p><p>O estabelecimento de hiperliga\u00e7\u00e3o n\u00e3o implicar\u00e1 a exist\u00eancia de rela\u00e7\u00f5es entre <span class=\"blanc-space ng-binding\">Descubra a Andaluzia com Agnieszka<\/span> e o titular da p\u00e1gina web a partir do qual se realize, nem o conhecimento e aceita\u00e7\u00e3o de <span class=\"blanc-space ng-binding\">Descubra a Andaluzia com Agnieszka<\/span> dos conte\u00fados, servi\u00e7os e\/ou atividades oferecidas no referido site, e vice-versa.<\/p><h3>V. PROPRIEDADE INTELECTUAL E INDUSTRIAL<\/h3><p><span class=\"blanc-space ng-binding\">Descubra a Andaluzia com Agnieszka<\/span> por si s\u00f3 ou como parte cession\u00e1ria, \u00e9 titular de todos os direitos de propriedade industrial e intelectual do Website, bem como os elementos contidos no mesmo (a t\u00edtulo enunciativo e n\u00e3o limitativo, imagens, som, \u00e1udio, v\u00eddeo, software ou textos, marcas ou logotipos, combina\u00e7\u00f5es de cores, estrutura e design, sele\u00e7\u00e3o de materiais usados, programas de computador necess\u00e1rios para o seu funcionamento, acesso e uso, etc.). Ser\u00e3o, por conseguinte, obras protegidas como propriedade intelectual pelo ordenamento jur\u00eddico portugu\u00eas, sendo-lhes aplic\u00e1veis tanto a legisla\u00e7\u00e3o portuguesa e comunit\u00e1ria neste dom\u00ednio, como os tratados internacionais relativos \u00e0 mat\u00e9ria e subscritos por Portugal.<\/p><p>Todos os direitos reservados. Em virtude do disposto na Lei de Propriedade Intelectual, s\u00e3o expressamente proibidas a reprodu\u00e7\u00e3o, distribui\u00e7\u00e3o e comunica\u00e7\u00e3o p\u00fablica, incluindo a sua forma de coloca\u00e7\u00e3o \u00e0 disposi\u00e7\u00e3o, da totalidade ou parte dos conte\u00fados desta p\u00e1gina web, com fins comerciais, em qualquer meio e por qualquer meio t\u00e9cnico, sem a autoriza\u00e7\u00e3o de <span class=\"blanc-space ng-binding\">Descubra a Andaluzia com Agnieszka<\/span>.<\/p><p>O Usu\u00e1rio compromete-se a respeitar os direitos de propriedade intelectual e industrial <span class=\"blanc-space ng-binding\">Descubra a Andaluzia com Agnieszka<\/span>. Poder\u00e1 visualizar os elementos do Site ou at\u00e9 mesmo imprimi-los, copi\u00e1-los e armazen\u00e1-los no disco r\u00edgido do seu computador ou em qualquer outro suporte f\u00edsico, sempre e quando necess\u00e1rio, exclusivamente, para o seu uso pessoal. O Usu\u00e1rio, no entanto, n\u00e3o pode eliminar, alterar ou manipular qualquer dispositivo de protec\u00e7\u00e3o ou o sistema de seguran\u00e7a que estiver instalado no Site.<\/p><p>No caso de que o Usu\u00e1rio ou um terceiro considere que qualquer dos Conte\u00fados do Site constitua uma viola\u00e7\u00e3o dos direitos de prote\u00e7\u00e3o da propriedade intelectual, dever\u00e1 comunic\u00e1-lo imediatamente \u00e0 <span class=\"blanc-space ng-binding\">Descubra a Andaluzia com Agnieszka<\/span> atrav\u00e9s dos dados de contacto do n.\u00ba de INFORMA\u00c7\u00c3O GERAL deste Aviso Legal e Condi\u00e7\u00f5es Gerais de Uso.<\/p><h3>VI. A\u00c7\u00d5ES LEGAIS, LEGISLA\u00c7\u00c3O APLIC\u00c1VEL E JURISDI\u00c7\u00c3O<\/h3><p><span class=\"blanc-space ng-binding\">Descubra a Andaluzia com Agnieszka<\/span> reserva-se a faculdade de apresentar as a\u00e7\u00f5es civis ou penais que considere necess\u00e1rias para a utiliza\u00e7\u00e3o indevida do Site e Conte\u00fado, ou por incumprimento das presentes Condi\u00e7\u00f5es.<\/p><p>A rela\u00e7\u00e3o entre o Usu\u00e1rio e <span class=\"blanc-space ng-binding\">Descubra a Andaluzia com Agnieszka<\/span> se reger\u00e1 pela legisla\u00e7\u00e3o vigente e de aplica\u00e7\u00e3o no territ\u00f3rio portugu\u00eas. Se surgir qualquer controv\u00e9rsia em rela\u00e7\u00e3o \u00e0 interpreta\u00e7\u00e3o e\/ou aplica\u00e7\u00e3o das presentes Condi\u00e7\u00f5es, as partes submeter\u00e3o seus conflitos \u00e0 jurisdi\u00e7\u00e3o ordin\u00e1ria, submetendo-se aos ju\u00edzes e tribunais que correspondam de acordo com a lei.<\/p><\/div><\/div><\/div><\/div>\t\t\t\t\t\t\t\t<\/div>\n\t\t\t\t<\/div>\n\t\t\t\t\t<\/div>\n\t\t\t\t<\/div>\n\t\t\t\t<\/div>","protected":false},"excerpt":{"rendered":"<p>I. INFORMACI\u00d3N GENERAL En cumplimiento con el deber de informaci\u00f3n dispuesto en la Ley 34\/2002 de Servicios de la Sociedad de la Informaci\u00f3n y el Comercio Electr\u00f3nico (LSSI-CE) de 11 de julio, se facilitan a continuaci\u00f3n los siguientes datos de informaci\u00f3n general de este sitio web: La titularidad de este sitio web, przewodnikgranada.com, (en adelante, [&hellip;]<\/p>\n","protected":false},"author":2,"featured_media":0,"parent":0,"menu_order":0,"comment_status":"closed","ping_status":"open","template":"elementor_header_footer","meta":{"footnotes":""},"class_list":["post-16","page","type-page","status-publish","hentry"],"yoast_head":"<!-- This site is optimized with the Yoast SEO plugin v27.4 - https:\/\/yoast.com\/product\/yoast-seo-wordpress\/ -->\n<title>Aviso legal - Descubre Andaluc\u00eda con Agnieszka<\/title>\n<meta name=\"robots\" content=\"noindex, follow\" \/>\n<meta property=\"og:locale\" content=\"pt_PT\" \/>\n<meta property=\"og:type\" content=\"article\" \/>\n<meta property=\"og:title\" content=\"Aviso legal - Descubre Andaluc\u00eda con Agnieszka\" \/>\n<meta property=\"og:description\" content=\"I. INFORMACI\u00d3N GENERAL En cumplimiento con el deber de informaci\u00f3n dispuesto en la Ley 34\/2002 de Servicios de la Sociedad de la Informaci\u00f3n y el Comercio Electr\u00f3nico (LSSI-CE) de 11 de julio, se facilitan a continuaci\u00f3n los siguientes datos de informaci\u00f3n general de este sitio web: La titularidad de este sitio web, przewodnikgranada.com, (en adelante, [&hellip;]\" \/>\n<meta property=\"og:url\" content=\"https:\/\/przewodnikgranada.com\/pt\/legal\/\" \/>\n<meta property=\"og:site_name\" content=\"Descubre Andaluc\u00eda con Agnieszka\" \/>\n<meta property=\"article:modified_time\" content=\"2025-04-29T09:16:14+00:00\" \/>\n<meta name=\"twitter:card\" content=\"summary_large_image\" \/>\n<meta name=\"twitter:label1\" content=\"Tempo estimado de leitura\" \/>\n\t<meta name=\"twitter:data1\" content=\"10 minutos\" \/>\n<script type=\"application\/ld+json\" class=\"yoast-schema-graph\">{\"@context\":\"https:\\\/\\\/schema.org\",\"@graph\":[{\"@type\":\"WebPage\",\"@id\":\"https:\\\/\\\/przewodnikgranada.com\\\/legal\\\/\",\"url\":\"https:\\\/\\\/przewodnikgranada.com\\\/legal\\\/\",\"name\":\"Aviso legal - Descubre Andaluc\u00eda con Agnieszka\",\"isPartOf\":{\"@id\":\"https:\\\/\\\/przewodnikgranada.com\\\/#website\"},\"datePublished\":\"2025-01-27T07:51:21+00:00\",\"dateModified\":\"2025-04-29T09:16:14+00:00\",\"breadcrumb\":{\"@id\":\"https:\\\/\\\/przewodnikgranada.com\\\/legal\\\/#breadcrumb\"},\"inLanguage\":\"pt-PT\",\"potentialAction\":[{\"@type\":\"ReadAction\",\"target\":[\"https:\\\/\\\/przewodnikgranada.com\\\/legal\\\/\"]}]},{\"@type\":\"BreadcrumbList\",\"@id\":\"https:\\\/\\\/przewodnikgranada.com\\\/legal\\\/#breadcrumb\",\"itemListElement\":[{\"@type\":\"ListItem\",\"position\":1,\"name\":\"Portada\",\"item\":\"https:\\\/\\\/przewodnikgranada.com\\\/\"},{\"@type\":\"ListItem\",\"position\":2,\"name\":\"Aviso legal\"}]},{\"@type\":\"WebSite\",\"@id\":\"https:\\\/\\\/przewodnikgranada.com\\\/#website\",\"url\":\"https:\\\/\\\/przewodnikgranada.com\\\/\",\"name\":\"Descubre Andaluc\u00eda con Agnieszka\",\"description\":\"\",\"potentialAction\":[{\"@type\":\"SearchAction\",\"target\":{\"@type\":\"EntryPoint\",\"urlTemplate\":\"https:\\\/\\\/przewodnikgranada.com\\\/?s={search_term_string}\"},\"query-input\":{\"@type\":\"PropertyValueSpecification\",\"valueRequired\":true,\"valueName\":\"search_term_string\"}}],\"inLanguage\":\"pt-PT\"}]}<\/script>\n<!-- \/ Yoast SEO plugin. -->","yoast_head_json":{"title":"Aviso legal - Descubre Andaluc\u00eda con Agnieszka","robots":{"index":"noindex","follow":"follow"},"og_locale":"pt_PT","og_type":"article","og_title":"Aviso legal - Descubre Andaluc\u00eda con Agnieszka","og_description":"I. INFORMACI\u00d3N GENERAL En cumplimiento con el deber de informaci\u00f3n dispuesto en la Ley 34\/2002 de Servicios de la Sociedad de la Informaci\u00f3n y el Comercio Electr\u00f3nico (LSSI-CE) de 11 de julio, se facilitan a continuaci\u00f3n los siguientes datos de informaci\u00f3n general de este sitio web: La titularidad de este sitio web, przewodnikgranada.com, (en adelante, [&hellip;]","og_url":"https:\/\/przewodnikgranada.com\/pt\/legal\/","og_site_name":"Descubre Andaluc\u00eda con Agnieszka","article_modified_time":"2025-04-29T09:16:14+00:00","twitter_card":"summary_large_image","twitter_misc":{"Tempo estimado de leitura":"10 minutos"},"schema":{"@context":"https:\/\/schema.org","@graph":[{"@type":"WebPage","@id":"https:\/\/przewodnikgranada.com\/legal\/","url":"https:\/\/przewodnikgranada.com\/legal\/","name":"Aviso legal - Descubre Andaluc\u00eda con Agnieszka","isPartOf":{"@id":"https:\/\/przewodnikgranada.com\/#website"},"datePublished":"2025-01-27T07:51:21+00:00","dateModified":"2025-04-29T09:16:14+00:00","breadcrumb":{"@id":"https:\/\/przewodnikgranada.com\/legal\/#breadcrumb"},"inLanguage":"pt-PT","potentialAction":[{"@type":"ReadAction","target":["https:\/\/przewodnikgranada.com\/legal\/"]}]},{"@type":"BreadcrumbList","@id":"https:\/\/przewodnikgranada.com\/legal\/#breadcrumb","itemListElement":[{"@type":"ListItem","position":1,"name":"Portada","item":"https:\/\/przewodnikgranada.com\/"},{"@type":"ListItem","position":2,"name":"Aviso legal"}]},{"@type":"WebSite","@id":"https:\/\/przewodnikgranada.com\/#website","url":"https:\/\/przewodnikgranada.com\/","name":"Descubra a Andaluzia com Agnieszka","description":"","potentialAction":[{"@type":"SearchAction","target":{"@type":"EntryPoint","urlTemplate":"https:\/\/przewodnikgranada.com\/?s={search_term_string}"},"query-input":{"@type":"PropertyValueSpecification","valueRequired":true,"valueName":"search_term_string"}}],"inLanguage":"pt-PT"}]}},"_links":{"self":[{"href":"https:\/\/przewodnikgranada.com\/pt\/wp-json\/wp\/v2\/pages\/16","targetHints":{"allow":["GET"]}}],"collection":[{"href":"https:\/\/przewodnikgranada.com\/pt\/wp-json\/wp\/v2\/pages"}],"about":[{"href":"https:\/\/przewodnikgranada.com\/pt\/wp-json\/wp\/v2\/types\/page"}],"author":[{"embeddable":true,"href":"https:\/\/przewodnikgranada.com\/pt\/wp-json\/wp\/v2\/users\/2"}],"replies":[{"embeddable":true,"href":"https:\/\/przewodnikgranada.com\/pt\/wp-json\/wp\/v2\/comments?post=16"}],"version-history":[{"count":11,"href":"https:\/\/przewodnikgranada.com\/pt\/wp-json\/wp\/v2\/pages\/16\/revisions"}],"predecessor-version":[{"id":272,"href":"https:\/\/przewodnikgranada.com\/pt\/wp-json\/wp\/v2\/pages\/16\/revisions\/272"}],"wp:attachment":[{"href":"https:\/\/przewodnikgranada.com\/pt\/wp-json\/wp\/v2\/media?parent=16"}],"curies":[{"name":"wp","href":"https:\/\/api.w.org\/{rel}","templated":true}]}}