{"id":18,"date":"2025-01-27T08:52:13","date_gmt":"2025-01-27T07:52:13","guid":{"rendered":"https:\/\/przewodnikgranada.com\/?page_id=18"},"modified":"2025-04-29T11:13:21","modified_gmt":"2025-04-29T09:13:21","slug":"cookies","status":"publish","type":"page","link":"https:\/\/przewodnikgranada.com\/pt\/cookies\/","title":{"rendered":"Pol\u00edtica de cookies"},"content":{"rendered":"<div data-elementor-type=\"wp-page\" data-elementor-id=\"18\" class=\"elementor elementor-18\" data-elementor-post-type=\"page\">\n\t\t\t\t<div class=\"elementor-element elementor-element-e4f1118 e-flex e-con-boxed e-con e-parent\" data-id=\"e4f1118\" data-element_type=\"container\" data-e-type=\"container\">\n\t\t\t\t\t<div class=\"e-con-inner\">\n\t\t\t\t<div class=\"elementor-element elementor-element-b05e05a elementor-widget elementor-widget-heading\" data-id=\"b05e05a\" data-element_type=\"widget\" data-e-type=\"widget\" data-widget_type=\"heading.default\">\n\t\t\t\t<div class=\"elementor-widget-container\">\n\t\t\t\t\t<h1 class=\"elementor-heading-title elementor-size-default\">Pol\u00edtica de cookies<\/h1>\t\t\t\t<\/div>\n\t\t\t\t<\/div>\n\t\t\t\t<div class=\"elementor-element elementor-element-d9aabc2 elementor-widget elementor-widget-text-editor\" data-id=\"d9aabc2\" data-element_type=\"widget\" data-e-type=\"widget\" data-widget_type=\"text-editor.default\">\n\t\t\t\t<div class=\"elementor-widget-container\">\n\t\t\t\t\t\t\t\t\t<p>O acesso a este Site pode implicar a utiliza\u00e7\u00e3o de cookies. Os &#034;cookies&#034; s\u00e3o pequenas quantidades de informa\u00e7\u00e3o que s\u00e3o armazenados no navegador utilizado por cada Usu\u00e1rio em diversos dispositivos que voc\u00ea pode usar para navegar\u2014 para que o servidor lembrar de certas informa\u00e7\u00f5es que, posteriormente, e somente o servidor que implementou ler\u00e1. Os cookies facilitam a navega\u00e7\u00e3o, torn\u00e1-lo mais amig\u00e1vel, e n\u00e3o danificam o seu equipamento de navega\u00e7\u00e3o.<\/p><p>Os cookies s\u00e3o procedimentos autom\u00e1ticos de recolha de informa\u00e7\u00e3o sobre as prefer\u00eancias determinadas pelo Usu\u00e1rio durante sua visita ao Site, a fim de reconhec\u00ea-lo como um Usu\u00e1rio e personalizar a sua experi\u00eancia e o uso do Site, e podem tamb\u00e9m, por exemplo, ajudar a identificar e resolver problemas.<\/p><p>As informa\u00e7\u00f5es coletadas atrav\u00e9s de cookies, voc\u00ea pode incluir a data e hora das visitas ao Site, as p\u00e1ginas visionadas, o tempo em que esteve no S\u00edtio Web e os sites visitados imediatamente antes e depois do mesmo. No entanto, nenhum cookie permite que a mesma possa entrar em contato com o n\u00famero de telefone do Usu\u00e1rio ou com qualquer outro meio de contato pessoal. Nenhum cookie pode extrair informa\u00e7\u00f5es do disco r\u00edgido do Usu\u00e1rio ou roubar informa\u00e7\u00f5es pessoais. A \u00fanica maneira de que a informa\u00e7\u00e3o pessoal do Usu\u00e1rio que fa\u00e7a parte de um arquivo &#034;Cookie&#034; \u00e9 que o usu\u00e1rio d\u00ea pessoalmente essa informa\u00e7\u00e3o ao servidor.<\/p><p>Os cookies que permitem identificar uma pessoa s\u00e3o considerados dados pessoais. Portanto, as mesmas lhes ser\u00e1 aplicada a Pol\u00edtica de Privacidade acima descrita. Neste sentido, para a utiliza\u00e7\u00e3o das mesmas ser\u00e1 necess\u00e1rio o consentimento do Usu\u00e1rio. Este consentimento ser\u00e1 comunicado, em base a uma escolha aut\u00eantica, fornecido por meio de uma decis\u00e3o afirmativa e positiva, antes do tratamento inicial, remov\u00edvel e documentado.<\/p><p>Desabilitar, recusar e excluir cookies<br \/>O Usu\u00e1rio pode desabilitar, recusar e excluir cookies \u2014total ou parcialmente\u2014 instaladas no seu dispositivo, usando a configura\u00e7\u00e3o de seu navegador (entre os quais se encontram, por exemplo, Chrome, Firefox, Safari, Explorer). Neste sentido, os procedimentos para rejeitar e eliminar os cookies que podem diferir de um navegador de Internet para outro. Em conseq\u00fc\u00eancia, o Usu\u00e1rio deve consultar as instru\u00e7\u00f5es fornecidas pelo pr\u00f3prio navegador de Internet que est\u00e1 a utilizar. No caso de recusar a utiliza\u00e7\u00e3o de cookies \u2014total ou parcialmente\u2014 pode continuar a utilizar o Site, se bem que pode ter limitado a utiliza\u00e7\u00e3o de algumas das funcionalidades do mesmo.<\/p>\t\t\t\t\t\t\t\t<\/div>\n\t\t\t\t<\/div>\n\t\t\t\t\t<\/div>\n\t\t\t\t<\/div>\n\t\t\t\t<\/div>","protected":false},"excerpt":{"rendered":"<p>El acceso a este Sitio Web puede implicar la utilizaci\u00f3n de cookies. Las cookies son peque\u00f1as cantidades de informaci\u00f3n que se almacenan en el navegador utilizado por cada Usuario \u2014en los distintos dispositivos que pueda utilizar para navegar\u2014 para que el servidor recuerde cierta informaci\u00f3n que posteriormente y \u00fanicamente el servidor que la implement\u00f3 leer\u00e1. [&hellip;]<\/p>\n","protected":false},"author":2,"featured_media":0,"parent":0,"menu_order":0,"comment_status":"closed","ping_status":"open","template":"elementor_header_footer","meta":{"footnotes":""},"class_list":["post-18","page","type-page","status-publish","hentry"],"yoast_head":"<!-- This site is optimized with the Yoast SEO plugin v27.4 - https:\/\/yoast.com\/product\/yoast-seo-wordpress\/ -->\n<title>Pol\u00edtica de cookies - Descubre Andaluc\u00eda con Agnieszka<\/title>\n<meta name=\"robots\" content=\"noindex, follow\" \/>\n<meta property=\"og:locale\" content=\"pt_PT\" \/>\n<meta property=\"og:type\" content=\"article\" \/>\n<meta property=\"og:title\" content=\"Pol\u00edtica de cookies - Descubre Andaluc\u00eda con Agnieszka\" \/>\n<meta property=\"og:description\" content=\"El acceso a este Sitio Web puede implicar la utilizaci\u00f3n de cookies. Las cookies son peque\u00f1as cantidades de informaci\u00f3n que se almacenan en el navegador utilizado por cada Usuario \u2014en los distintos dispositivos que pueda utilizar para navegar\u2014 para que el servidor recuerde cierta informaci\u00f3n que posteriormente y \u00fanicamente el servidor que la implement\u00f3 leer\u00e1. [&hellip;]\" \/>\n<meta property=\"og:url\" content=\"https:\/\/przewodnikgranada.com\/pt\/cookies\/\" \/>\n<meta property=\"og:site_name\" content=\"Descubre Andaluc\u00eda con Agnieszka\" \/>\n<meta property=\"article:modified_time\" content=\"2025-04-29T09:13:21+00:00\" \/>\n<meta name=\"twitter:card\" content=\"summary_large_image\" \/>\n<meta name=\"twitter:label1\" content=\"Tempo estimado de leitura\" \/>\n\t<meta name=\"twitter:data1\" content=\"2 minutos\" \/>\n<script type=\"application\/ld+json\" class=\"yoast-schema-graph\">{\"@context\":\"https:\\\/\\\/schema.org\",\"@graph\":[{\"@type\":\"WebPage\",\"@id\":\"https:\\\/\\\/przewodnikgranada.com\\\/cookies\\\/\",\"url\":\"https:\\\/\\\/przewodnikgranada.com\\\/cookies\\\/\",\"name\":\"Pol\u00edtica de cookies - Descubre Andaluc\u00eda con Agnieszka\",\"isPartOf\":{\"@id\":\"https:\\\/\\\/przewodnikgranada.com\\\/#website\"},\"datePublished\":\"2025-01-27T07:52:13+00:00\",\"dateModified\":\"2025-04-29T09:13:21+00:00\",\"breadcrumb\":{\"@id\":\"https:\\\/\\\/przewodnikgranada.com\\\/cookies\\\/#breadcrumb\"},\"inLanguage\":\"pt-PT\",\"potentialAction\":[{\"@type\":\"ReadAction\",\"target\":[\"https:\\\/\\\/przewodnikgranada.com\\\/cookies\\\/\"]}]},{\"@type\":\"BreadcrumbList\",\"@id\":\"https:\\\/\\\/przewodnikgranada.com\\\/cookies\\\/#breadcrumb\",\"itemListElement\":[{\"@type\":\"ListItem\",\"position\":1,\"name\":\"Portada\",\"item\":\"https:\\\/\\\/przewodnikgranada.com\\\/\"},{\"@type\":\"ListItem\",\"position\":2,\"name\":\"Pol\u00edtica de cookies\"}]},{\"@type\":\"WebSite\",\"@id\":\"https:\\\/\\\/przewodnikgranada.com\\\/#website\",\"url\":\"https:\\\/\\\/przewodnikgranada.com\\\/\",\"name\":\"Descubre Andaluc\u00eda con Agnieszka\",\"description\":\"\",\"potentialAction\":[{\"@type\":\"SearchAction\",\"target\":{\"@type\":\"EntryPoint\",\"urlTemplate\":\"https:\\\/\\\/przewodnikgranada.com\\\/?s={search_term_string}\"},\"query-input\":{\"@type\":\"PropertyValueSpecification\",\"valueRequired\":true,\"valueName\":\"search_term_string\"}}],\"inLanguage\":\"pt-PT\"}]}<\/script>\n<!-- \/ Yoast SEO plugin. -->","yoast_head_json":{"title":"Pol\u00edtica de cookies - Descubre Andaluc\u00eda con Agnieszka","robots":{"index":"noindex","follow":"follow"},"og_locale":"pt_PT","og_type":"article","og_title":"Pol\u00edtica de cookies - Descubre Andaluc\u00eda con Agnieszka","og_description":"El acceso a este Sitio Web puede implicar la utilizaci\u00f3n de cookies. Las cookies son peque\u00f1as cantidades de informaci\u00f3n que se almacenan en el navegador utilizado por cada Usuario \u2014en los distintos dispositivos que pueda utilizar para navegar\u2014 para que el servidor recuerde cierta informaci\u00f3n que posteriormente y \u00fanicamente el servidor que la implement\u00f3 leer\u00e1. [&hellip;]","og_url":"https:\/\/przewodnikgranada.com\/pt\/cookies\/","og_site_name":"Descubre Andaluc\u00eda con Agnieszka","article_modified_time":"2025-04-29T09:13:21+00:00","twitter_card":"summary_large_image","twitter_misc":{"Tempo estimado de leitura":"2 minutos"},"schema":{"@context":"https:\/\/schema.org","@graph":[{"@type":"WebPage","@id":"https:\/\/przewodnikgranada.com\/cookies\/","url":"https:\/\/przewodnikgranada.com\/cookies\/","name":"Pol\u00edtica de cookies - Descubre Andaluc\u00eda con Agnieszka","isPartOf":{"@id":"https:\/\/przewodnikgranada.com\/#website"},"datePublished":"2025-01-27T07:52:13+00:00","dateModified":"2025-04-29T09:13:21+00:00","breadcrumb":{"@id":"https:\/\/przewodnikgranada.com\/cookies\/#breadcrumb"},"inLanguage":"pt-PT","potentialAction":[{"@type":"ReadAction","target":["https:\/\/przewodnikgranada.com\/cookies\/"]}]},{"@type":"BreadcrumbList","@id":"https:\/\/przewodnikgranada.com\/cookies\/#breadcrumb","itemListElement":[{"@type":"ListItem","position":1,"name":"Portada","item":"https:\/\/przewodnikgranada.com\/"},{"@type":"ListItem","position":2,"name":"Pol\u00edtica de cookies"}]},{"@type":"WebSite","@id":"https:\/\/przewodnikgranada.com\/#website","url":"https:\/\/przewodnikgranada.com\/","name":"Descubra a Andaluzia com Agnieszka","description":"","potentialAction":[{"@type":"SearchAction","target":{"@type":"EntryPoint","urlTemplate":"https:\/\/przewodnikgranada.com\/?s={search_term_string}"},"query-input":{"@type":"PropertyValueSpecification","valueRequired":true,"valueName":"search_term_string"}}],"inLanguage":"pt-PT"}]}},"_links":{"self":[{"href":"https:\/\/przewodnikgranada.com\/pt\/wp-json\/wp\/v2\/pages\/18","targetHints":{"allow":["GET"]}}],"collection":[{"href":"https:\/\/przewodnikgranada.com\/pt\/wp-json\/wp\/v2\/pages"}],"about":[{"href":"https:\/\/przewodnikgranada.com\/pt\/wp-json\/wp\/v2\/types\/page"}],"author":[{"embeddable":true,"href":"https:\/\/przewodnikgranada.com\/pt\/wp-json\/wp\/v2\/users\/2"}],"replies":[{"embeddable":true,"href":"https:\/\/przewodnikgranada.com\/pt\/wp-json\/wp\/v2\/comments?post=18"}],"version-history":[{"count":8,"href":"https:\/\/przewodnikgranada.com\/pt\/wp-json\/wp\/v2\/pages\/18\/revisions"}],"predecessor-version":[{"id":259,"href":"https:\/\/przewodnikgranada.com\/pt\/wp-json\/wp\/v2\/pages\/18\/revisions\/259"}],"wp:attachment":[{"href":"https:\/\/przewodnikgranada.com\/pt\/wp-json\/wp\/v2\/media?parent=18"}],"curies":[{"name":"wp","href":"https:\/\/api.w.org\/{rel}","templated":true}]}}